{"id":193,"date":"2026-02-11T20:14:59","date_gmt":"2026-02-11T20:14:59","guid":{"rendered":"https:\/\/practical-silver-tortoise.xn--frkwebbureau-6cb.dk\/?page_id=193"},"modified":"2026-02-16T13:51:12","modified_gmt":"2026-02-16T13:51:12","slug":"vidensbank","status":"publish","type":"page","link":"https:\/\/practical-silver-tortoise.xn--frkwebbureau-6cb.dk\/index.php\/vidensbank\/","title":{"rendered":"Vidensbank"},"content":{"rendered":"<div class=\"et_pb_section_0 et_pb_section et_section_regular et_block_section preset--module--divi-section--default\">\n<div class=\"et_pb_row_0 et_pb_row et_block_row\">\n<div class=\"et_pb_column_0 et_pb_column et_pb_column_4_4 et-last-child et_block_column et_pb_css_mix_blend_mode_passthrough\">\n<div class=\"et_pb_text_0 et_pb_text et_pb_bg_layout_light et_pb_module et_block_module preset--module--divi-text--a619f102-54aa-4b96-82a8-ecd72aeaa777\"><div class=\"et_pb_text_inner\"><h1>Vidensbank<\/h1>\n<\/div><\/div>\n\n<div class=\"et_pb_text_1 et_pb_text et_pb_bg_layout_light et_pb_module et_block_module preset--module--divi-text--102bef9d-a6b9-41f0-af77-1ed5b7bd0593\"><div class=\"et_pb_text_inner\"><p>Vidensbanken samler centrale ressourcer, publikationer og faglige v\u00e6rkt\u00f8jer, der underst\u00f8tter arbejdet med brandteknisk ingeni\u00f8rkunst i Danmark. Her finder du b\u00e5de materiale udviklet af SFPE Danmark og udvalgte eksterne kilder, som kan bidrage til faglig fordybelse, opdateret viden og praktisk anvendelige metoder. Siden udbygges l\u00f8bende, s\u00e5 medlemmer og andre interesserede altid har adgang til relevant og p\u00e5lidelig information.<\/p>\n<\/div><\/div>\n<\/div>\n<\/div>\n\n<div class=\"et_pb_row_1 et_pb_row et_pb_gutters2 et_block_row\">\n<div class=\"et_pb_column_1 et_pb_column et_pb_column_1_2 et_block_column et_pb_css_mix_blend_mode_passthrough\">\n<div class=\"et_pb_module et_pb_button_module_wrapper et_pb_button_0_wrapper preset--module--divi-button--6d0d9ca5-a6e6-418e-915e-bb80addcc2b6_wrapper\"><a class=\"et_pb_button_0 et_pb_button et_pb_bg_layout_light et_pb_module et_block_module preset--module--divi-button--6d0d9ca5-a6e6-418e-915e-bb80addcc2b6\" href=\"https:\/\/practical-silver-tortoise.xn--frkwebbureau-6cb.dk\/index.php\/bliv-medlem\/\">Bliv medlem<\/a><\/div>\n<\/div>\n\n<div class=\"et_pb_column_2 et_pb_column et_pb_column_1_2 et-last-child et_block_column et_pb_css_mix_blend_mode_passthrough\">\n<div class=\"et_pb_module et_pb_button_module_wrapper et_pb_button_1_wrapper preset--module--divi-button--417e3bd7-e4bf-4587-a035-38c4f0746f8c_wrapper\"><a class=\"et_pb_button_1 et_pb_button et_pb_bg_layout_light et_pb_module et_block_module preset--module--divi-button--417e3bd7-e4bf-4587-a035-38c4f0746f8c\" href=\"https:\/\/practical-silver-tortoise.xn--frkwebbureau-6cb.dk\/index.php\/arrangementer\/\" data-icon=\"$\">Se arrangementer<\/a><\/div>\n<\/div>\n<\/div>\n<\/div>\n\n<div class=\"et_pb_section_1 et_pb_section et_section_regular et_block_section preset--module--divi-section--default\">\n<div class=\"et_pb_row_2 et_pb_row et_flex_row\">\n<div class=\"et_pb_column_3 et_pb_column et-last-child et_flex_column et_pb_css_mix_blend_mode_passthrough et_flex_column_24_24 et_flex_column_24_24_tablet et_flex_column_24_24_phone\">\n<div class=\"et_pb_text_2 et_pb_text et_pb_bg_layout_light et_pb_module et_block_module preset--module--divi-text--0874a7ef-fda6-4460-964c-06187d4d2262\"><div class=\"et_pb_text_inner\"><h4>Publikationer<\/h4>\n<\/div>\n<div class=\"et_pb_text_3 et_pb_text et_pb_bg_layout_light et_pb_module et_block_module preset--module--divi-text--83d94e9b-bff8-4c15-9e33-e7b1a7a21887\"><div class=\"et_pb_text_inner\"><h2>dyk ned i faglige publikationer<\/h2>\n<\/div><\/div>\n<\/div>\n<\/div>\n<\/div>\n\n<div class=\"et_pb_row_3 et_pb_row et_flex_row\">\n<div class=\"et_pb_column_4 et_pb_column et-last-child et_flex_column et_pb_css_mix_blend_mode_passthrough et_flex_column_24_24 et_flex_column_24_24_tablet et_flex_column_24_24_phone\">\n<div class=\"et_pb_blog_0 et_pb_blog et_pb_bg_layout_light et_pb_posts et_pb_module preset--module--divi-blog--default\"><div class=\"et_pb_ajax_pagination_container\"><div class=\"et_pb_posts et_grid_module\"><article class=\"et_pb_post et_pb_post_id_420 clearfix et_pb_blog_item_0_0 post-420 post type-post status-publish format-standard has-post-thumbnail hentry category-downloads tag-download tag-dtu tag-eksperiment tag-fire-induced-glass-breakage-in-windows tag-hjalte-bengtsson tag-praesentation tag-publikation tag-webinar\"><div class=\"et_pb_image_container\"><a href=\"https:\/\/practical-silver-tortoise.xn--frkwebbureau-6cb.dk\/index.php\/2026\/02\/15\/download-praesentation-fra-webinaret-fire-induced-glass-breakage-in-windows\/\" class=\"entry-featured-image-url\"><img loading=\"lazy\" decoding=\"async\" src=\"https:\/\/practical-silver-tortoise.xn--frkwebbureau-6cb.dk\/wp-content\/uploads\/2026\/02\/et-dansk-parcelhus-i-brand.jpg\" width=\"400\" height=\"284\" alt=\"Pr\u00e6sentation fra webinar\" class=\"\" srcset=\"https:\/\/practical-silver-tortoise.xn--frkwebbureau-6cb.dk\/wp-content\/uploads\/2026\/02\/et-dansk-parcelhus-i-brand.jpg 479w, https:\/\/practical-silver-tortoise.xn--frkwebbureau-6cb.dk\/wp-content\/uploads\/2026\/02\/et-dansk-parcelhus-i-brand-400x284.jpg 480w\" sizes=\"(max-width:479px) 479px, 100vw\" \/><span data-icon=\"\ue050\" class=\"et_overlay et_pb_inline_icon\"><\/span><\/a><\/div><h2 class=\"entry-title\"><a href=\"https:\/\/practical-silver-tortoise.xn--frkwebbureau-6cb.dk\/index.php\/2026\/02\/15\/download-praesentation-fra-webinaret-fire-induced-glass-breakage-in-windows\/\">Pr\u00e6sentation fra webinar<\/a><\/h2><p class=\"post-meta\"><span class=\"published\">15. feb., 2026<\/span><\/p><div class=\"post-content\"><div class=\"post-content-inner\"><p>Pr\u00e6sentationen fra webinaret om brandinduceret vinduesbrud er nu tilg\u00e6ngelig for download.<\/p>\n<\/div><a href=\"https:\/\/practical-silver-tortoise.xn--frkwebbureau-6cb.dk\/index.php\/2026\/02\/15\/download-praesentation-fra-webinaret-fire-induced-glass-breakage-in-windows\/\" class=\"more-link\">l\u00e6s mere...<\/a><\/div><\/article><article class=\"et_pb_post et_pb_post_id_593 clearfix et_pb_blog_item_0_1 post-593 post type-post status-publish format-standard has-post-thumbnail hentry category-webinar tag-branddynamik tag-brandinduceret-vinduesbrud tag-brandsikkerhed tag-brandteknik tag-brandudvikling tag-bygningsdesign tag-dtu-construct tag-eksperimentel-brandforskning tag-fire-safety-engineering tag-forskning tag-sfpe-danmark tag-ventilation tag-vinduesglasbrud tag-webinar\"><div class=\"et_pb_image_container\"><a href=\"https:\/\/practical-silver-tortoise.xn--frkwebbureau-6cb.dk\/index.php\/2024\/04\/13\/webinar-om-brandinduceret-vinduesbrud\/\" class=\"entry-featured-image-url\"><img loading=\"lazy\" decoding=\"async\" src=\"https:\/\/practical-silver-tortoise.xn--frkwebbureau-6cb.dk\/wp-content\/uploads\/2026\/02\/Webinar-SFPE-Denmark.png\" width=\"400\" height=\"284\" alt=\"Webinar om brandinduceret vinduesbrud\" class=\"\" srcset=\"https:\/\/practical-silver-tortoise.xn--frkwebbureau-6cb.dk\/wp-content\/uploads\/2026\/02\/Webinar-SFPE-Denmark.png 479w, https:\/\/practical-silver-tortoise.xn--frkwebbureau-6cb.dk\/wp-content\/uploads\/2026\/02\/Webinar-SFPE-Denmark-400x284.png 480w\" sizes=\"(max-width:479px) 479px, 100vw\" \/><span data-icon=\"\ue050\" class=\"et_overlay et_pb_inline_icon\"><\/span><\/a><\/div><h2 class=\"entry-title\"><a href=\"https:\/\/practical-silver-tortoise.xn--frkwebbureau-6cb.dk\/index.php\/2024\/04\/13\/webinar-om-brandinduceret-vinduesbrud\/\">Webinar om brandinduceret vinduesbrud<\/a><\/h2><p class=\"post-meta\"><span class=\"published\">13. apr., 2024<\/span><\/p><div class=\"post-content\"><div class=\"post-content-inner\"><p>SFPE Denmarks kommende webinar giver dig den nyeste viden om brandinduceret vinduesbrud og indblik i aktuelle eksperimenter fra DTU.<\/p>\n<\/div><a href=\"https:\/\/practical-silver-tortoise.xn--frkwebbureau-6cb.dk\/index.php\/2024\/04\/13\/webinar-om-brandinduceret-vinduesbrud\/\" class=\"more-link\">l\u00e6s mere...<\/a><\/div><\/article><article class=\"et_pb_post et_pb_post_id_603 clearfix et_pb_blog_item_0_2 post-603 post type-post status-publish format-standard has-post-thumbnail hentry category-sfpe-denmark tag-arrangementer tag-branchenyt tag-brandsikkerhed tag-brandteknik tag-faglige-nyheder tag-fagligt-faellesskab tag-fire-safety-engineering tag-medlemsaktiviteter tag-ny-hjemmeside tag-sfpe-danmark tag-sfpe-netvaerk tag-vidensdeling\"><div class=\"et_pb_image_container\"><a href=\"https:\/\/practical-silver-tortoise.xn--frkwebbureau-6cb.dk\/index.php\/2023\/11\/02\/ny-hjemmeside\/\" class=\"entry-featured-image-url\"><img loading=\"lazy\" decoding=\"async\" src=\"https:\/\/practical-silver-tortoise.xn--frkwebbureau-6cb.dk\/wp-content\/uploads\/2026\/02\/Hjemmeside-SFPE-Denmark.png\" width=\"400\" height=\"284\" alt=\"Ny hjemmeside\" class=\"\" srcset=\"https:\/\/practical-silver-tortoise.xn--frkwebbureau-6cb.dk\/wp-content\/uploads\/2026\/02\/Hjemmeside-SFPE-Denmark.png 479w, https:\/\/practical-silver-tortoise.xn--frkwebbureau-6cb.dk\/wp-content\/uploads\/2026\/02\/Hjemmeside-SFPE-Denmark-400x284.png 480w\" sizes=\"(max-width:479px) 479px, 100vw\" \/><span data-icon=\"\ue050\" class=\"et_overlay et_pb_inline_icon\"><\/span><\/a><\/div><h2 class=\"entry-title\"><a href=\"https:\/\/practical-silver-tortoise.xn--frkwebbureau-6cb.dk\/index.php\/2023\/11\/02\/ny-hjemmeside\/\">Ny hjemmeside<\/a><\/h2><p class=\"post-meta\"><span class=\"published\">2. nov., 2023<\/span><\/p><div class=\"post-content\"><div class=\"post-content-inner\"><p>SFPE Danmark lancerer en ny hjemmeside, der samler vores faglige aktiviteter, nyheder og vidensdelingsarrangementer.<\/p>\n<\/div><a href=\"https:\/\/practical-silver-tortoise.xn--frkwebbureau-6cb.dk\/index.php\/2023\/11\/02\/ny-hjemmeside\/\" class=\"more-link\">l\u00e6s mere...<\/a><\/div><\/article><article class=\"et_pb_post et_pb_post_id_601 clearfix et_pb_blog_item_0_3 post-601 post type-post status-publish format-standard has-post-thumbnail hentry category-arrangement tag-arrangement tag-dbi tag-isloseringsmateriale tag-program tag-regnskaerme tag-udvendige-beklaedninger tag-vindspaerreplader\"><div class=\"et_pb_image_container\"><a href=\"https:\/\/practical-silver-tortoise.xn--frkwebbureau-6cb.dk\/index.php\/2023\/11\/02\/arrangement-facadens-treenighed\/\" class=\"entry-featured-image-url\"><img loading=\"lazy\" decoding=\"async\" src=\"https:\/\/practical-silver-tortoise.xn--frkwebbureau-6cb.dk\/wp-content\/uploads\/2026\/02\/IMG_2759-scaled.jpg\" width=\"400\" height=\"284\" alt=\"Arrangement: Facadens treenighed\" class=\"\" srcset=\"https:\/\/practical-silver-tortoise.xn--frkwebbureau-6cb.dk\/wp-content\/uploads\/2026\/02\/IMG_2759-scaled.jpg 479w, https:\/\/practical-silver-tortoise.xn--frkwebbureau-6cb.dk\/wp-content\/uploads\/2026\/02\/IMG_2759-400x284.jpg 480w\" sizes=\"(max-width:479px) 479px, 100vw\" \/><span data-icon=\"\ue050\" class=\"et_overlay et_pb_inline_icon\"><\/span><\/a><\/div><h2 class=\"entry-title\"><a href=\"https:\/\/practical-silver-tortoise.xn--frkwebbureau-6cb.dk\/index.php\/2023\/11\/02\/arrangement-facadens-treenighed\/\">Arrangement: Facadens treenighed<\/a><\/h2><p class=\"post-meta\"><span class=\"published\">2. nov., 2023<\/span><\/p><div class=\"post-content\"><div class=\"post-content-inner\"><p>SFPE Danmark og DBI inviterer til et fagligt arrangement om brandsikre biobaserede materialer.<\/p>\n<\/div><a href=\"https:\/\/practical-silver-tortoise.xn--frkwebbureau-6cb.dk\/index.php\/2023\/11\/02\/arrangement-facadens-treenighed\/\" class=\"more-link\">l\u00e6s mere...<\/a><\/div><\/article><article class=\"et_pb_post et_pb_post_id_597 clearfix et_pb_blog_item_0_4 post-597 post type-post status-publish format-standard has-post-thumbnail hentry category-program tag-arrangementer-2024 tag-branchenyt tag-brandforskning tag-brandsikkerhed tag-brandteknik tag-dtu tag-fagligt-faellesskab tag-forskning tag-program tag-programudvikling tag-sfpe-danmark tag-vidensdeling\"><div class=\"et_pb_image_container\"><a href=\"https:\/\/practical-silver-tortoise.xn--frkwebbureau-6cb.dk\/index.php\/2023\/11\/02\/vidensdelingprogram-i-2024\/\" class=\"entry-featured-image-url\"><img loading=\"lazy\" decoding=\"async\" src=\"https:\/\/practical-silver-tortoise.xn--frkwebbureau-6cb.dk\/wp-content\/uploads\/2026\/02\/IMG_2757-scaled.jpg\" width=\"400\" height=\"284\" alt=\"Vidensdelingprogram i 2024\" class=\"\" srcset=\"https:\/\/practical-silver-tortoise.xn--frkwebbureau-6cb.dk\/wp-content\/uploads\/2026\/02\/IMG_2757-scaled.jpg 479w, https:\/\/practical-silver-tortoise.xn--frkwebbureau-6cb.dk\/wp-content\/uploads\/2026\/02\/IMG_2757-400x284.jpg 480w\" sizes=\"(max-width:479px) 479px, 100vw\" \/><span data-icon=\"\ue050\" class=\"et_overlay et_pb_inline_icon\"><\/span><\/a><\/div><h2 class=\"entry-title\"><a href=\"https:\/\/practical-silver-tortoise.xn--frkwebbureau-6cb.dk\/index.php\/2023\/11\/02\/vidensdelingprogram-i-2024\/\">Vidensdelingprogram i 2024<\/a><\/h2><p class=\"post-meta\"><span class=\"published\">2. nov., 2023<\/span><\/p><div class=\"post-content\"><div class=\"post-content-inner\"><p>Et nyt vidensdelingprogram i 2024 er undervejs. F\u00f8rste h\u00f8jdepunkt er allerede p\u00e5 plads.<\/p>\n<\/div><a href=\"https:\/\/practical-silver-tortoise.xn--frkwebbureau-6cb.dk\/index.php\/2023\/11\/02\/vidensdelingprogram-i-2024\/\" class=\"more-link\">l\u00e6s mere...<\/a><\/div><\/article><\/div><\/div><\/div>\n<\/div>\n<\/div>\n<\/div>\n\n<div class=\"et_pb_section_2 et_pb_section et_section_regular et_block_section preset--module--divi-section--default\">\n<div class=\"et_pb_row_4 et_pb_row et_pb_equal_columns et_block_row\">\n<div class=\"et_pb_column_5 et_pb_column et_pb_column_1_2 et_block_column et_pb_css_mix_blend_mode_passthrough\">\n<div class=\"et_pb_text_4 et_pb_text et_pb_bg_layout_light et_pb_module et_block_module preset--module--divi-text--c34dec4a-f76d-4c50-bb7e-b3aa21f11d19\"><div class=\"et_pb_text_inner\"><h4>Eksterne hjemmesider<\/h4>\n<\/div><\/div>\n\n<div class=\"et_pb_text_5 et_pb_text et_pb_bg_layout_light et_pb_module et_block_module preset--module--divi-text--a8409e17-25cb-454e-bc3b-ac1717bd963d\"><div class=\"et_pb_text_inner\"><h3>Links til videre fordybelse<\/h3>\n<\/div><\/div>\n\n<div class=\"et_pb_text_6 et_pb_text et_pb_bg_layout_light et_pb_module et_block_module preset--module--divi-text--102bef9d-a6b9-41f0-af77-1ed5b7bd0593\"><div class=\"et_pb_text_inner\"><p><span>For at styrke adgangen til relevant viden inden for brandteknisk ingeni\u00f8rarbejde har vi samlet en r\u00e6kke eksterne hjemmesider, som kan fungere som nyttige ressourcer for b\u00e5de medlemmer og andre fagfolk. Her finder du links til nationale og internationale organisationer, forskningsmilj\u00f8er, standardiseringsorganer og andre kilder, der bidrager til udviklingen af brandteknisk viden og praksis.<\/span><\/p>\n<p><span>Form\u00e5let med oversigten er at give et hurtigt overblik over trov\u00e6rdige faglige kilder, som kan supplere vores egne publikationer og aktiviteter. Indholdet p\u00e5 de eksterne sider opdateres og vedligeholdes af de respektive organisationer, og SFPE Danmark er derfor ikke ansvarlig for deres indhold. Vi anbefaler, at du bruger siderne som inspiration og som et supplement til dine egne analyser og vurderinger.<\/span><\/p>\n<\/div><\/div>\n<\/div>\n\n<div class=\"et_pb_column_6 et_pb_column et_pb_column_1_2 et-last-child et_block_column et_pb_css_mix_blend_mode_passthrough\">\n<div class=\"et_pb_text_7 et_pb_text et_pb_bg_layout_light et_pb_module et_block_module preset--module--divi-text--a8409e17-25cb-454e-bc3b-ac1717bd963d\"><div class=\"et_pb_text_inner\"><h3>SFPE - International<\/h3>\n<\/div><\/div>\n\n<div class=\"et_pb_image_0 et_pb_image et_pb_module et_flex_module\"><span class=\"et_pb_image_wrap\"><img loading=\"lazy\" decoding=\"async\" src=\"https:\/\/practical-silver-tortoise.xn--frkwebbureau-6cb.dk\/wp-content\/uploads\/2026\/02\/SFPE.org_.png\" title=\"SFPE.org_\" width=\"1809\" height=\"937\" srcset=\"https:\/\/practical-silver-tortoise.xn--frkwebbureau-6cb.dk\/wp-content\/uploads\/2026\/02\/SFPE.org_.png 1809w, https:\/\/practical-silver-tortoise.xn--frkwebbureau-6cb.dk\/wp-content\/uploads\/2026\/02\/SFPE.org_-1280x663.png 1280w, https:\/\/practical-silver-tortoise.xn--frkwebbureau-6cb.dk\/wp-content\/uploads\/2026\/02\/SFPE.org_-980x508.png 980w, https:\/\/practical-silver-tortoise.xn--frkwebbureau-6cb.dk\/wp-content\/uploads\/2026\/02\/SFPE.org_-480x249.png 480w\" sizes=\"(min-width: 0px) and (max-width: 480px) 480px, (min-width: 481px) and (max-width: 980px) 980px, (min-width: 981px) and (max-width: 1280px) 1280px, (min-width: 1281px) 1809px, 100vw\" class=\"wp-image-358\" \/><\/span>\n<div class=\"et_pb_module et_pb_button_module_wrapper et_pb_button_2_wrapper preset--module--divi-button--6d0d9ca5-a6e6-418e-915e-bb80addcc2b6_wrapper\"><a class=\"et_pb_button_2 et_pb_button et_pb_bg_layout_light et_pb_module et_block_module preset--module--divi-button--6d0d9ca5-a6e6-418e-915e-bb80addcc2b6\" href=\"https:\/\/www.sfpe.org\/\" target=\"_blank\">G\u00e5 til hjemmeside<\/a><\/div>\n<\/div>\n\n<div class=\"et_pb_text_8 et_pb_text et_pb_bg_layout_light et_pb_module et_block_module preset--module--divi-text--a8409e17-25cb-454e-bc3b-ac1717bd963d\"><div class=\"et_pb_text_inner\"><h3>SFPE Sverige<\/h3>\n<\/div><\/div>\n\n<div class=\"et_pb_image_1 et_pb_image et_pb_module et_flex_module\"><span class=\"et_pb_image_wrap\"><img loading=\"lazy\" decoding=\"async\" src=\"https:\/\/practical-silver-tortoise.xn--frkwebbureau-6cb.dk\/wp-content\/uploads\/2026\/02\/SFPE-Sverige.png\" title=\"SFPE-Sverige\" width=\"1195\" height=\"939\" srcset=\"https:\/\/practical-silver-tortoise.xn--frkwebbureau-6cb.dk\/wp-content\/uploads\/2026\/02\/SFPE-Sverige.png 1195w, https:\/\/practical-silver-tortoise.xn--frkwebbureau-6cb.dk\/wp-content\/uploads\/2026\/02\/SFPE-Sverige-980x770.png 980w, https:\/\/practical-silver-tortoise.xn--frkwebbureau-6cb.dk\/wp-content\/uploads\/2026\/02\/SFPE-Sverige-480x377.png 480w\" sizes=\"(min-width: 0px) and (max-width: 480px) 480px, (min-width: 481px) and (max-width: 980px) 980px, (min-width: 981px) 1195px, 100vw\" class=\"wp-image-356\" \/><\/span>\n<div class=\"et_pb_module et_pb_button_module_wrapper et_pb_button_3_wrapper preset--module--divi-button--6d0d9ca5-a6e6-418e-915e-bb80addcc2b6_wrapper\"><a class=\"et_pb_button_3 et_pb_button et_pb_bg_layout_light et_pb_module et_block_module preset--module--divi-button--6d0d9ca5-a6e6-418e-915e-bb80addcc2b6\" href=\"https:\/\/www.sfpe-biv.se\/\" target=\"_blank\">G\u00e5 til hjemmeside<\/a><\/div>\n<\/div>\n\n<div class=\"et_pb_text_9 et_pb_text et_pb_bg_layout_light et_pb_module et_block_module preset--module--divi-text--a8409e17-25cb-454e-bc3b-ac1717bd963d\"><div class=\"et_pb_text_inner\"><h3>SFPE Norge<\/h3>\n<\/div><\/div>\n\n<div class=\"et_pb_image_2 et_pb_image et_pb_module et_flex_module\"><span class=\"et_pb_image_wrap\"><img loading=\"lazy\" decoding=\"async\" src=\"https:\/\/practical-silver-tortoise.xn--frkwebbureau-6cb.dk\/wp-content\/uploads\/2026\/02\/SFPE-Norge.png\" title=\"SFPE-Norge\" width=\"1301\" height=\"874\" srcset=\"https:\/\/practical-silver-tortoise.xn--frkwebbureau-6cb.dk\/wp-content\/uploads\/2026\/02\/SFPE-Norge.png 1301w, https:\/\/practical-silver-tortoise.xn--frkwebbureau-6cb.dk\/wp-content\/uploads\/2026\/02\/SFPE-Norge-1280x860.png 1280w, https:\/\/practical-silver-tortoise.xn--frkwebbureau-6cb.dk\/wp-content\/uploads\/2026\/02\/SFPE-Norge-980x658.png 980w, https:\/\/practical-silver-tortoise.xn--frkwebbureau-6cb.dk\/wp-content\/uploads\/2026\/02\/SFPE-Norge-480x322.png 480w\" sizes=\"(min-width: 0px) and (max-width: 480px) 480px, (min-width: 481px) and (max-width: 980px) 980px, (min-width: 981px) and (max-width: 1280px) 1280px, (min-width: 1281px) 1301px, 100vw\" class=\"wp-image-357\" \/><\/span>\n<div class=\"et_pb_module et_pb_button_module_wrapper et_pb_button_4_wrapper preset--module--divi-button--6d0d9ca5-a6e6-418e-915e-bb80addcc2b6_wrapper\"><a class=\"et_pb_button_4 et_pb_button et_pb_bg_layout_light et_pb_module et_block_module preset--module--divi-button--6d0d9ca5-a6e6-418e-915e-bb80addcc2b6\" href=\"https:\/\/www.sfpe.no\/\" target=\"_blank\">G\u00e5 til hjemmeside<\/a><\/div>\n<\/div>\n<\/div>\n<\/div>\n<\/div>\n\n<div class=\"et_pb_section_3 et_pb_section et_section_regular et_block_section et_pb_section_parallax preset--module--divi-section--default\"><span class=\"et-pb-parallax-wrapper\"><span class=\"et-pb-parallax-background et-pb-parallax-background-module--divi-section-3\" style=\"background-image:url(https:\/\/practical-silver-tortoise.xn--frkwebbureau-6cb.dk\/wp-content\/uploads\/2026\/02\/IMG_2288-scaled.jpg)\"><\/span><span class=\"et_parallax_gradient\" style=\"background-image:linear-gradient(190deg, rgba(17,24,33,0.3) 0%,#111821 90% 100%)\"><\/span><\/span>\n<div class=\"et_pb_row_5 et_pb_row et_flex_row\">\n<div class=\"et_pb_column_7 et_pb_column et-last-child et_flex_column et_pb_css_mix_blend_mode_passthrough et_flex_column_24_24 et_flex_column_24_24_tablet et_flex_column_24_24_phone\">\n<div class=\"et_pb_text_10 et_pb_text et_pb_bg_layout_light et_pb_module et_block_module preset--module--divi-text--0874a7ef-fda6-4460-964c-06187d4d2262\"><div class=\"et_pb_text_inner\"><h4>Galleri<\/h4>\n<\/div>\n<div class=\"et_pb_text_11 et_pb_text et_pb_bg_layout_light et_pb_module et_block_module preset--module--divi-text--83d94e9b-bff8-4c15-9e33-e7b1a7a21887\"><div class=\"et_pb_text_inner\"><h2>Se billeder fra vores arrangementer<\/h2>\n<\/div><\/div>\n<\/div>\n<\/div>\n<\/div>\n\n<div class=\"et_pb_row_6 et_pb_row et_flex_row\">\n<div class=\"et_pb_column_8 et_pb_column et-last-child et_flex_column et_pb_css_mix_blend_mode_passthrough et_flex_column_24_24 et_flex_column_24_24_tablet et_flex_column_24_24_phone\">\n<div class=\"et_pb_gallery_0 et_pb_gallery et_pb_bg_layout_light et_pb_gallery_grid et_pb_module preset--module--divi-gallery--default\" data-auto-rotate=\"off\" data-auto-rotate-speed=\"\"><div class=\"et_pb_gallery_items et_post_gallery clearfix et_block_module\" data-per_page=\"1\"><div class=\"et_pb_gallery_item et_pb_grid_item et_pb_gallery_item_0_0\"><div class=\"et_pb_gallery_image landscape\" data-per_page=\"1\"><a href=\"https:\/\/practical-silver-tortoise.xn--frkwebbureau-6cb.dk\/wp-content\/uploads\/2026\/02\/IMG_2759-scaled.jpg\" title=\"IMG_2759\"><img loading=\"lazy\" decoding=\"async\" width=\"400\" height=\"284\" src=\"https:\/\/practical-silver-tortoise.xn--frkwebbureau-6cb.dk\/wp-content\/uploads\/2026\/02\/IMG_2759-400x284.jpg\" alt=\"\" class=\"wp-image-154\" srcset=\"https:\/\/practical-silver-tortoise.xn--frkwebbureau-6cb.dk\/wp-content\/uploads\/2026\/02\/IMG_2759-scaled.jpg 479w, https:\/\/practical-silver-tortoise.xn--frkwebbureau-6cb.dk\/wp-content\/uploads\/2026\/02\/IMG_2759-400x284.jpg 480w\" sizes=\"(max-width:479px) 479px, 100vw\" \/><span class=\"et_overlay\" data-icon=\"\" data-icon-tablet=\"\" data-icon-phone=\"\"><\/span><\/a><\/div><\/div><div class=\"et_pb_gallery_item et_pb_grid_item et_pb_gallery_item_0_1\"><div class=\"et_pb_gallery_image landscape\" data-per_page=\"1\"><a href=\"https:\/\/practical-silver-tortoise.xn--frkwebbureau-6cb.dk\/wp-content\/uploads\/2026\/02\/IMG_2288-scaled.jpg\" title=\"IMG_2288\"><img loading=\"lazy\" decoding=\"async\" width=\"400\" height=\"284\" src=\"https:\/\/practical-silver-tortoise.xn--frkwebbureau-6cb.dk\/wp-content\/uploads\/2026\/02\/IMG_2288-400x284.jpg\" alt=\"\" class=\"wp-image-349\" srcset=\"https:\/\/practical-silver-tortoise.xn--frkwebbureau-6cb.dk\/wp-content\/uploads\/2026\/02\/IMG_2288-scaled.jpg 479w, https:\/\/practical-silver-tortoise.xn--frkwebbureau-6cb.dk\/wp-content\/uploads\/2026\/02\/IMG_2288-400x284.jpg 480w\" sizes=\"(max-width:479px) 479px, 100vw\" \/><span class=\"et_overlay\" data-icon=\"\" data-icon-tablet=\"\" data-icon-phone=\"\"><\/span><\/a><\/div><\/div><div class=\"et_pb_gallery_item et_pb_grid_item et_pb_gallery_item_0_2\"><div class=\"et_pb_gallery_image landscape\" data-per_page=\"1\"><a href=\"https:\/\/practical-silver-tortoise.xn--frkwebbureau-6cb.dk\/wp-content\/uploads\/2026\/02\/IMG_2757-scaled.jpg\" title=\"IMG_2757\"><img loading=\"lazy\" decoding=\"async\" width=\"400\" height=\"284\" src=\"https:\/\/practical-silver-tortoise.xn--frkwebbureau-6cb.dk\/wp-content\/uploads\/2026\/02\/IMG_2757-400x284.jpg\" alt=\"\" class=\"wp-image-350\" srcset=\"https:\/\/practical-silver-tortoise.xn--frkwebbureau-6cb.dk\/wp-content\/uploads\/2026\/02\/IMG_2757-scaled.jpg 479w, https:\/\/practical-silver-tortoise.xn--frkwebbureau-6cb.dk\/wp-content\/uploads\/2026\/02\/IMG_2757-400x284.jpg 480w\" sizes=\"(max-width:479px) 479px, 100vw\" \/><span class=\"et_overlay\" data-icon=\"\" data-icon-tablet=\"\" data-icon-phone=\"\"><\/span><\/a><\/div><\/div><div class=\"et_pb_gallery_item et_pb_grid_item et_pb_gallery_item_0_3\"><div class=\"et_pb_gallery_image landscape\" data-per_page=\"1\"><a href=\"https:\/\/practical-silver-tortoise.xn--frkwebbureau-6cb.dk\/wp-content\/uploads\/2026\/02\/IMG_7019-scaled.jpg\" title=\"IMG_7019\"><img loading=\"lazy\" decoding=\"async\" width=\"400\" height=\"284\" src=\"https:\/\/practical-silver-tortoise.xn--frkwebbureau-6cb.dk\/wp-content\/uploads\/2026\/02\/IMG_7019-400x284.jpg\" alt=\"\" class=\"wp-image-351\" srcset=\"https:\/\/practical-silver-tortoise.xn--frkwebbureau-6cb.dk\/wp-content\/uploads\/2026\/02\/IMG_7019-scaled.jpg 479w, https:\/\/practical-silver-tortoise.xn--frkwebbureau-6cb.dk\/wp-content\/uploads\/2026\/02\/IMG_7019-400x284.jpg 480w\" sizes=\"(max-width:479px) 479px, 100vw\" \/><span class=\"et_overlay\" data-icon=\"\" data-icon-tablet=\"\" data-icon-phone=\"\"><\/span><\/a><\/div><\/div><\/div><div class=\"et_pb_gallery_pagination\"><\/div><\/div>\n<\/div>\n<\/div>\n<\/div>","protected":false},"excerpt":{"rendered":"","protected":false},"author":1,"featured_media":0,"parent":0,"menu_order":0,"comment_status":"closed","ping_status":"closed","template":"","meta":{"_et_pb_use_builder":"on","_et_pb_old_content":"<!-- wp:divi\/placeholder \/-->","_et_gb_content_width":"","footnotes":""},"class_list":["post-193","page","type-page","status-publish","hentry"],"_links":{"self":[{"href":"https:\/\/practical-silver-tortoise.xn--frkwebbureau-6cb.dk\/index.php\/wp-json\/wp\/v2\/pages\/193","targetHints":{"allow":["GET"]}}],"collection":[{"href":"https:\/\/practical-silver-tortoise.xn--frkwebbureau-6cb.dk\/index.php\/wp-json\/wp\/v2\/pages"}],"about":[{"href":"https:\/\/practical-silver-tortoise.xn--frkwebbureau-6cb.dk\/index.php\/wp-json\/wp\/v2\/types\/page"}],"author":[{"embeddable":true,"href":"https:\/\/practical-silver-tortoise.xn--frkwebbureau-6cb.dk\/index.php\/wp-json\/wp\/v2\/users\/1"}],"replies":[{"embeddable":true,"href":"https:\/\/practical-silver-tortoise.xn--frkwebbureau-6cb.dk\/index.php\/wp-json\/wp\/v2\/comments?post=193"}],"version-history":[{"count":33,"href":"https:\/\/practical-silver-tortoise.xn--frkwebbureau-6cb.dk\/index.php\/wp-json\/wp\/v2\/pages\/193\/revisions"}],"predecessor-version":[{"id":581,"href":"https:\/\/practical-silver-tortoise.xn--frkwebbureau-6cb.dk\/index.php\/wp-json\/wp\/v2\/pages\/193\/revisions\/581"}],"wp:attachment":[{"href":"https:\/\/practical-silver-tortoise.xn--frkwebbureau-6cb.dk\/index.php\/wp-json\/wp\/v2\/media?parent=193"}],"curies":[{"name":"wp","href":"https:\/\/api.w.org\/{rel}","templated":true}]}}