{"id":191,"date":"2026-02-11T20:14:50","date_gmt":"2026-02-11T20:14:50","guid":{"rendered":"https:\/\/practical-silver-tortoise.xn--frkwebbureau-6cb.dk\/?page_id=191"},"modified":"2026-02-16T13:50:12","modified_gmt":"2026-02-16T13:50:12","slug":"nyheder","status":"publish","type":"page","link":"https:\/\/practical-silver-tortoise.xn--frkwebbureau-6cb.dk\/index.php\/nyheder\/","title":{"rendered":"Nyheder"},"content":{"rendered":"<div class=\"et_pb_section_0 et_pb_section et_section_regular et_block_section preset--module--divi-section--default\">\n<div class=\"et_pb_row_0 et_pb_row et_block_row\">\n<div class=\"et_pb_column_0 et_pb_column et_pb_column_4_4 et-last-child et_block_column et_pb_css_mix_blend_mode_passthrough\">\n<div class=\"et_pb_text_0 et_pb_text et_pb_bg_layout_light et_pb_module et_block_module preset--module--divi-text--a619f102-54aa-4b96-82a8-ecd72aeaa777\"><div class=\"et_pb_text_inner\"><h1>Nyheder<\/h1>\n<\/div><\/div>\n\n<div class=\"et_pb_text_1 et_pb_text et_pb_bg_layout_light et_pb_module et_block_module preset--module--divi-text--102bef9d-a6b9-41f0-af77-1ed5b7bd0593\"><div class=\"et_pb_text_inner\"><p>Hold dig opdateret med de seneste faglige nyheder fra SFPE Denmark. Her deler vi nyt om arrangementer, projekter, forskning og udvikling inden for brandteknik \u2013 b\u00e5de fra vores danske chapter og fra det internationale SFPE\u2011f\u00e6llesskab.<\/p>\n<\/div><\/div>\n<\/div>\n<\/div>\n\n<div class=\"et_pb_row_1 et_pb_row et_pb_gutters2 et_block_row\">\n<div class=\"et_pb_column_1 et_pb_column et_pb_column_1_2 et_block_column et_pb_css_mix_blend_mode_passthrough\">\n<div class=\"et_pb_module et_pb_button_module_wrapper et_pb_button_0_wrapper preset--module--divi-button--6d0d9ca5-a6e6-418e-915e-bb80addcc2b6_wrapper\"><a class=\"et_pb_button_0 et_pb_button et_pb_bg_layout_light et_pb_module et_block_module preset--module--divi-button--6d0d9ca5-a6e6-418e-915e-bb80addcc2b6\" href=\"https:\/\/practical-silver-tortoise.xn--frkwebbureau-6cb.dk\/index.php\/bliv-medlem\/\">Bliv medlem<\/a><\/div>\n<\/div>\n\n<div class=\"et_pb_column_2 et_pb_column et_pb_column_1_2 et-last-child et_block_column et_pb_css_mix_blend_mode_passthrough\">\n<div class=\"et_pb_module et_pb_button_module_wrapper et_pb_button_1_wrapper preset--module--divi-button--417e3bd7-e4bf-4587-a035-38c4f0746f8c_wrapper\"><a class=\"et_pb_button_1 et_pb_button et_pb_bg_layout_light et_pb_module et_block_module preset--module--divi-button--417e3bd7-e4bf-4587-a035-38c4f0746f8c\" href=\"https:\/\/practical-silver-tortoise.xn--frkwebbureau-6cb.dk\/index.php\/arrangementer\/\" data-icon=\"$\">Se arrangementer<\/a><\/div>\n<\/div>\n<\/div>\n<\/div>\n\n<div class=\"et_pb_section_1 et_pb_section et_section_regular et_block_section preset--module--divi-section--default\">\n<div class=\"et_pb_row_2 et_pb_row et_flex_row\">\n<div class=\"et_pb_column_3 et_pb_column et-last-child et_flex_column et_pb_css_mix_blend_mode_passthrough et_flex_column_24_24 et_flex_column_24_24_tablet et_flex_column_24_24_phone\">\n<div class=\"et_pb_text_2 et_pb_text et_pb_bg_layout_light et_pb_module et_block_module preset--module--divi-text--0874a7ef-fda6-4460-964c-06187d4d2262\"><div class=\"et_pb_text_inner\"><h4>Seneste nyt<\/h4>\n<\/div>\n<div class=\"et_pb_text_3 et_pb_text et_pb_bg_layout_light et_pb_module et_block_module preset--module--divi-text--83d94e9b-bff8-4c15-9e33-e7b1a7a21887\"><div class=\"et_pb_text_inner\"><h2>Aktuelt fra SFPE Denmark<\/h2>\n<\/div><\/div>\n<\/div>\n<\/div>\n<\/div>\n\n<div class=\"et_pb_row_3 et_pb_row et_flex_row\">\n<div class=\"et_pb_column_4 et_pb_column et-last-child et_flex_column et_pb_css_mix_blend_mode_passthrough et_flex_column_24_24 et_flex_column_24_24_tablet et_flex_column_24_24_phone\">\n<div class=\"et_pb_blog_0 et_pb_blog et_pb_bg_layout_light et_pb_posts et_pb_module preset--module--divi-blog--default\"><div class=\"et_pb_ajax_pagination_container\"><div class=\"et_pb_posts et_grid_module\"><article class=\"et_pb_post et_pb_post_id_420 clearfix et_pb_blog_item_0_0 post-420 post type-post status-publish format-standard has-post-thumbnail hentry category-downloads tag-download tag-dtu tag-eksperiment tag-fire-induced-glass-breakage-in-windows tag-hjalte-bengtsson tag-praesentation tag-publikation tag-webinar\"><div class=\"et_pb_image_container\"><a href=\"https:\/\/practical-silver-tortoise.xn--frkwebbureau-6cb.dk\/index.php\/2026\/02\/15\/download-praesentation-fra-webinaret-fire-induced-glass-breakage-in-windows\/\" class=\"entry-featured-image-url\"><img loading=\"lazy\" decoding=\"async\" src=\"https:\/\/practical-silver-tortoise.xn--frkwebbureau-6cb.dk\/wp-content\/uploads\/2026\/02\/et-dansk-parcelhus-i-brand.jpg\" width=\"400\" height=\"284\" alt=\"Pr\u00e6sentation fra webinar\" class=\"\" srcset=\"https:\/\/practical-silver-tortoise.xn--frkwebbureau-6cb.dk\/wp-content\/uploads\/2026\/02\/et-dansk-parcelhus-i-brand.jpg 479w, https:\/\/practical-silver-tortoise.xn--frkwebbureau-6cb.dk\/wp-content\/uploads\/2026\/02\/et-dansk-parcelhus-i-brand-400x284.jpg 480w\" sizes=\"(max-width:479px) 479px, 100vw\" \/><span data-icon=\"\ue050\" class=\"et_overlay et_pb_inline_icon\"><\/span><\/a><\/div><h2 class=\"entry-title\"><a href=\"https:\/\/practical-silver-tortoise.xn--frkwebbureau-6cb.dk\/index.php\/2026\/02\/15\/download-praesentation-fra-webinaret-fire-induced-glass-breakage-in-windows\/\">Pr\u00e6sentation fra webinar<\/a><\/h2><p class=\"post-meta\"><span class=\"published\">15. feb., 2026<\/span><\/p><div class=\"post-content\"><div class=\"post-content-inner\"><p>Pr\u00e6sentationen fra webinaret om brandinduceret vinduesbrud er nu tilg\u00e6ngelig for download.<\/p>\n<\/div><a href=\"https:\/\/practical-silver-tortoise.xn--frkwebbureau-6cb.dk\/index.php\/2026\/02\/15\/download-praesentation-fra-webinaret-fire-induced-glass-breakage-in-windows\/\" class=\"more-link\">l\u00e6s mere...<\/a><\/div><\/article><article class=\"et_pb_post et_pb_post_id_593 clearfix et_pb_blog_item_0_1 post-593 post type-post status-publish format-standard has-post-thumbnail hentry category-webinar tag-branddynamik tag-brandinduceret-vinduesbrud tag-brandsikkerhed tag-brandteknik tag-brandudvikling tag-bygningsdesign tag-dtu-construct tag-eksperimentel-brandforskning tag-fire-safety-engineering tag-forskning tag-sfpe-danmark tag-ventilation tag-vinduesglasbrud tag-webinar\"><div class=\"et_pb_image_container\"><a href=\"https:\/\/practical-silver-tortoise.xn--frkwebbureau-6cb.dk\/index.php\/2024\/04\/13\/webinar-om-brandinduceret-vinduesbrud\/\" class=\"entry-featured-image-url\"><img loading=\"lazy\" decoding=\"async\" src=\"https:\/\/practical-silver-tortoise.xn--frkwebbureau-6cb.dk\/wp-content\/uploads\/2026\/02\/Webinar-SFPE-Denmark.png\" width=\"400\" height=\"284\" alt=\"Webinar om brandinduceret vinduesbrud\" class=\"\" srcset=\"https:\/\/practical-silver-tortoise.xn--frkwebbureau-6cb.dk\/wp-content\/uploads\/2026\/02\/Webinar-SFPE-Denmark.png 479w, https:\/\/practical-silver-tortoise.xn--frkwebbureau-6cb.dk\/wp-content\/uploads\/2026\/02\/Webinar-SFPE-Denmark-400x284.png 480w\" sizes=\"(max-width:479px) 479px, 100vw\" \/><span data-icon=\"\ue050\" class=\"et_overlay et_pb_inline_icon\"><\/span><\/a><\/div><h2 class=\"entry-title\"><a href=\"https:\/\/practical-silver-tortoise.xn--frkwebbureau-6cb.dk\/index.php\/2024\/04\/13\/webinar-om-brandinduceret-vinduesbrud\/\">Webinar om brandinduceret vinduesbrud<\/a><\/h2><p class=\"post-meta\"><span class=\"published\">13. apr., 2024<\/span><\/p><div class=\"post-content\"><div class=\"post-content-inner\"><p>SFPE Denmarks kommende webinar giver dig den nyeste viden om brandinduceret vinduesbrud og indblik i aktuelle eksperimenter fra DTU.<\/p>\n<\/div><a href=\"https:\/\/practical-silver-tortoise.xn--frkwebbureau-6cb.dk\/index.php\/2024\/04\/13\/webinar-om-brandinduceret-vinduesbrud\/\" class=\"more-link\">l\u00e6s mere...<\/a><\/div><\/article><article class=\"et_pb_post et_pb_post_id_603 clearfix et_pb_blog_item_0_2 post-603 post type-post status-publish format-standard has-post-thumbnail hentry category-sfpe-denmark tag-arrangementer tag-branchenyt tag-brandsikkerhed tag-brandteknik tag-faglige-nyheder tag-fagligt-faellesskab tag-fire-safety-engineering tag-medlemsaktiviteter tag-ny-hjemmeside tag-sfpe-danmark tag-sfpe-netvaerk tag-vidensdeling\"><div class=\"et_pb_image_container\"><a href=\"https:\/\/practical-silver-tortoise.xn--frkwebbureau-6cb.dk\/index.php\/2023\/11\/02\/ny-hjemmeside\/\" class=\"entry-featured-image-url\"><img loading=\"lazy\" decoding=\"async\" src=\"https:\/\/practical-silver-tortoise.xn--frkwebbureau-6cb.dk\/wp-content\/uploads\/2026\/02\/Hjemmeside-SFPE-Denmark.png\" width=\"400\" height=\"284\" alt=\"Ny hjemmeside\" class=\"\" srcset=\"https:\/\/practical-silver-tortoise.xn--frkwebbureau-6cb.dk\/wp-content\/uploads\/2026\/02\/Hjemmeside-SFPE-Denmark.png 479w, https:\/\/practical-silver-tortoise.xn--frkwebbureau-6cb.dk\/wp-content\/uploads\/2026\/02\/Hjemmeside-SFPE-Denmark-400x284.png 480w\" sizes=\"(max-width:479px) 479px, 100vw\" \/><span data-icon=\"\ue050\" class=\"et_overlay et_pb_inline_icon\"><\/span><\/a><\/div><h2 class=\"entry-title\"><a href=\"https:\/\/practical-silver-tortoise.xn--frkwebbureau-6cb.dk\/index.php\/2023\/11\/02\/ny-hjemmeside\/\">Ny hjemmeside<\/a><\/h2><p class=\"post-meta\"><span class=\"published\">2. nov., 2023<\/span><\/p><div class=\"post-content\"><div class=\"post-content-inner\"><p>SFPE Danmark lancerer en ny hjemmeside, der samler vores faglige aktiviteter, nyheder og vidensdelingsarrangementer.<\/p>\n<\/div><a href=\"https:\/\/practical-silver-tortoise.xn--frkwebbureau-6cb.dk\/index.php\/2023\/11\/02\/ny-hjemmeside\/\" class=\"more-link\">l\u00e6s mere...<\/a><\/div><\/article><article class=\"et_pb_post et_pb_post_id_601 clearfix et_pb_blog_item_0_3 post-601 post type-post status-publish format-standard has-post-thumbnail hentry category-arrangement tag-arrangement tag-dbi tag-isloseringsmateriale tag-program tag-regnskaerme tag-udvendige-beklaedninger tag-vindspaerreplader\"><div class=\"et_pb_image_container\"><a href=\"https:\/\/practical-silver-tortoise.xn--frkwebbureau-6cb.dk\/index.php\/2023\/11\/02\/arrangement-facadens-treenighed\/\" class=\"entry-featured-image-url\"><img loading=\"lazy\" decoding=\"async\" src=\"https:\/\/practical-silver-tortoise.xn--frkwebbureau-6cb.dk\/wp-content\/uploads\/2026\/02\/IMG_2759-scaled.jpg\" width=\"400\" height=\"284\" alt=\"Arrangement: Facadens treenighed\" class=\"\" srcset=\"https:\/\/practical-silver-tortoise.xn--frkwebbureau-6cb.dk\/wp-content\/uploads\/2026\/02\/IMG_2759-scaled.jpg 479w, https:\/\/practical-silver-tortoise.xn--frkwebbureau-6cb.dk\/wp-content\/uploads\/2026\/02\/IMG_2759-400x284.jpg 480w\" sizes=\"(max-width:479px) 479px, 100vw\" \/><span data-icon=\"\ue050\" class=\"et_overlay et_pb_inline_icon\"><\/span><\/a><\/div><h2 class=\"entry-title\"><a href=\"https:\/\/practical-silver-tortoise.xn--frkwebbureau-6cb.dk\/index.php\/2023\/11\/02\/arrangement-facadens-treenighed\/\">Arrangement: Facadens treenighed<\/a><\/h2><p class=\"post-meta\"><span class=\"published\">2. nov., 2023<\/span><\/p><div class=\"post-content\"><div class=\"post-content-inner\"><p>SFPE Danmark og DBI inviterer til et fagligt arrangement om brandsikre biobaserede materialer.<\/p>\n<\/div><a href=\"https:\/\/practical-silver-tortoise.xn--frkwebbureau-6cb.dk\/index.php\/2023\/11\/02\/arrangement-facadens-treenighed\/\" class=\"more-link\">l\u00e6s mere...<\/a><\/div><\/article><article class=\"et_pb_post et_pb_post_id_597 clearfix et_pb_blog_item_0_4 post-597 post type-post status-publish format-standard has-post-thumbnail hentry category-program tag-arrangementer-2024 tag-branchenyt tag-brandforskning tag-brandsikkerhed tag-brandteknik tag-dtu tag-fagligt-faellesskab tag-forskning tag-program tag-programudvikling tag-sfpe-danmark tag-vidensdeling\"><div class=\"et_pb_image_container\"><a href=\"https:\/\/practical-silver-tortoise.xn--frkwebbureau-6cb.dk\/index.php\/2023\/11\/02\/vidensdelingprogram-i-2024\/\" class=\"entry-featured-image-url\"><img loading=\"lazy\" decoding=\"async\" src=\"https:\/\/practical-silver-tortoise.xn--frkwebbureau-6cb.dk\/wp-content\/uploads\/2026\/02\/IMG_2757-scaled.jpg\" width=\"400\" height=\"284\" alt=\"Vidensdelingprogram i 2024\" class=\"\" srcset=\"https:\/\/practical-silver-tortoise.xn--frkwebbureau-6cb.dk\/wp-content\/uploads\/2026\/02\/IMG_2757-scaled.jpg 479w, https:\/\/practical-silver-tortoise.xn--frkwebbureau-6cb.dk\/wp-content\/uploads\/2026\/02\/IMG_2757-400x284.jpg 480w\" sizes=\"(max-width:479px) 479px, 100vw\" \/><span data-icon=\"\ue050\" class=\"et_overlay et_pb_inline_icon\"><\/span><\/a><\/div><h2 class=\"entry-title\"><a href=\"https:\/\/practical-silver-tortoise.xn--frkwebbureau-6cb.dk\/index.php\/2023\/11\/02\/vidensdelingprogram-i-2024\/\">Vidensdelingprogram i 2024<\/a><\/h2><p class=\"post-meta\"><span class=\"published\">2. nov., 2023<\/span><\/p><div class=\"post-content\"><div class=\"post-content-inner\"><p>Et nyt vidensdelingprogram i 2024 er undervejs. F\u00f8rste h\u00f8jdepunkt er allerede p\u00e5 plads.<\/p>\n<\/div><a href=\"https:\/\/practical-silver-tortoise.xn--frkwebbureau-6cb.dk\/index.php\/2023\/11\/02\/vidensdelingprogram-i-2024\/\" class=\"more-link\">l\u00e6s mere...<\/a><\/div><\/article><\/div><\/div><\/div>\n<\/div>\n<\/div>\n<\/div>\n\n<div class=\"et_pb_section_2 et_pb_section et_section_regular et_block_section preset--module--divi-section--default\">\n<div class=\"et_pb_row_4 et_pb_row et_flex_row\">\n<div class=\"et_pb_column_5 et_pb_column et_flex_column et_pb_column_empty et_pb_css_mix_blend_mode_passthrough et_flex_column_8_24 et_flex_column_8_24_tablet et_flex_column_24_24_phone\"><\/div>\n\n<div class=\"et_pb_column_6 et_pb_column et-last-child et_flex_column et_pb_css_mix_blend_mode_passthrough et_flex_column_16_24 et_flex_column_16_24_tablet et_flex_column_24_24_phone\">\n<div class=\"et_pb_text_4 et_pb_text et_pb_bg_layout_light et_pb_module et_block_module preset--module--divi-text--a8409e17-25cb-454e-bc3b-ac1717bd963d\"><div class=\"et_pb_text_inner\"><h3>Dyk ned i vores nyheder<\/h3>\n<\/div><\/div>\n\n<div class=\"et_pb_search_0 et_pb_search et_pb_bg_layout_light et_pb_module et_flex_module preset--module--divi-search--default\"><form class=\"et_pb_searchform\" method=\"get\" role=\"search\" action=\"https:\/\/practical-silver-tortoise.xn--frkwebbureau-6cb.dk\/\"><div><label class=\"screen-reader-text\" for=\"s\">S\u00f8g efter:<\/label><input name=\"s\" class=\"et_pb_s\" type=\"text\" placeholder=\"\" value=\"\" \/><input name=\"et_pb_searchform_submit\" type=\"hidden\" value=\"et_search_process\" \/><input name=\"et_pb_include_pages\" type=\"hidden\" value=\"yes\" \/><input name=\"et_pb_include_posts\" type=\"hidden\" value=\"yes\" \/><input class=\"et_pb_searchsubmit\" type=\"submit\" value=\"S\u00f8g\" \/><\/div><\/form><\/div>\n\n<div class=\"et_pb_sidebar_0 et_pb_widget_area clearfix et_pb_widget_area_left et_pb_bg_layout_light et_pb_sidebar_no_border et_pb_module et_flex_module preset--module--divi-sidebar--default\"><div id=\"block-14\" class=\"et_pb_widget widget_block widget_categories et_flex_column et_flex_column_24_24\"><ul class=\"wp-block-categories-list wp-block-categories\"> <li class=\"cat-item cat-item-22\"><a href=\"https:\/\/practical-silver-tortoise.xn--frkwebbureau-6cb.dk\/index.php\/category\/arrangement\/\">Arrangement<\/a>\n<\/li>\n <li class=\"cat-item cat-item-6\"><a href=\"https:\/\/practical-silver-tortoise.xn--frkwebbureau-6cb.dk\/index.php\/category\/downloads\/\">Downloads<\/a>\n<\/li>\n <li class=\"cat-item cat-item-20\"><a href=\"https:\/\/practical-silver-tortoise.xn--frkwebbureau-6cb.dk\/index.php\/category\/program\/\">Program<\/a>\n<\/li>\n <li class=\"cat-item cat-item-21\"><a href=\"https:\/\/practical-silver-tortoise.xn--frkwebbureau-6cb.dk\/index.php\/category\/sfpe-denmark\/\">SFPE Denmark<\/a>\n<\/li>\n <li class=\"cat-item cat-item-18\"><a href=\"https:\/\/practical-silver-tortoise.xn--frkwebbureau-6cb.dk\/index.php\/category\/webinar\/\">Webinar<\/a>\n<\/li>\n<\/ul><\/div><\/div>\n<\/div>\n<\/div>\n<\/div>","protected":false},"excerpt":{"rendered":"","protected":false},"author":1,"featured_media":0,"parent":0,"menu_order":0,"comment_status":"closed","ping_status":"closed","template":"","meta":{"_et_pb_use_builder":"on","_et_pb_old_content":"<!-- wp:divi\/placeholder \/-->","_et_gb_content_width":"","footnotes":""},"class_list":["post-191","page","type-page","status-publish","hentry"],"_links":{"self":[{"href":"https:\/\/practical-silver-tortoise.xn--frkwebbureau-6cb.dk\/index.php\/wp-json\/wp\/v2\/pages\/191","targetHints":{"allow":["GET"]}}],"collection":[{"href":"https:\/\/practical-silver-tortoise.xn--frkwebbureau-6cb.dk\/index.php\/wp-json\/wp\/v2\/pages"}],"about":[{"href":"https:\/\/practical-silver-tortoise.xn--frkwebbureau-6cb.dk\/index.php\/wp-json\/wp\/v2\/types\/page"}],"author":[{"embeddable":true,"href":"https:\/\/practical-silver-tortoise.xn--frkwebbureau-6cb.dk\/index.php\/wp-json\/wp\/v2\/users\/1"}],"replies":[{"embeddable":true,"href":"https:\/\/practical-silver-tortoise.xn--frkwebbureau-6cb.dk\/index.php\/wp-json\/wp\/v2\/comments?post=191"}],"version-history":[{"count":20,"href":"https:\/\/practical-silver-tortoise.xn--frkwebbureau-6cb.dk\/index.php\/wp-json\/wp\/v2\/pages\/191\/revisions"}],"predecessor-version":[{"id":580,"href":"https:\/\/practical-silver-tortoise.xn--frkwebbureau-6cb.dk\/index.php\/wp-json\/wp\/v2\/pages\/191\/revisions\/580"}],"wp:attachment":[{"href":"https:\/\/practical-silver-tortoise.xn--frkwebbureau-6cb.dk\/index.php\/wp-json\/wp\/v2\/media?parent=191"}],"curies":[{"name":"wp","href":"https:\/\/api.w.org\/{rel}","templated":true}]}}