{"id":187,"date":"2026-02-11T20:14:18","date_gmt":"2026-02-11T20:14:18","guid":{"rendered":"https:\/\/practical-silver-tortoise.xn--frkwebbureau-6cb.dk\/?page_id=187"},"modified":"2026-02-16T13:13:55","modified_gmt":"2026-02-16T13:13:55","slug":"bliv-foredragsholder","status":"publish","type":"page","link":"https:\/\/practical-silver-tortoise.xn--frkwebbureau-6cb.dk\/index.php\/bliv-foredragsholder\/","title":{"rendered":"Bliv foredragsholder"},"content":{"rendered":"<div class=\"et_pb_section_0 et_pb_section et_section_regular et_block_section preset--module--divi-section--default\">\n<div class=\"et_pb_row_0 et_pb_row et_flex_row\">\n<div class=\"et_pb_column_0 et_pb_column et_flex_column et_pb_css_mix_blend_mode_passthrough et_flex_column_16_24 et_flex_column_16_24_tablet et_flex_column_24_24_phone\">\n<div class=\"et_pb_text_0 et_pb_text et_pb_bg_layout_light et_pb_module et_block_module preset--module--divi-text--83d94e9b-bff8-4c15-9e33-e7b1a7a21887\"><div class=\"et_pb_text_inner\"><h2>Bliv foredragsholder<\/h2>\n<\/div><\/div>\n\n<div class=\"et_pb_text_1 et_pb_text et_pb_bg_layout_light et_pb_module et_block_module preset--module--divi-text--102bef9d-a6b9-41f0-af77-1ed5b7bd0593\"><div class=\"et_pb_text_inner\"><p>Har du viden, erfaring eller forskning inden for brandteknik, risikovurdering eller sikkerhedsdesign, som fortjener at blive delt? Som foredragsholder hos SFPE Danmark f\u00e5r du mulighed for at bidrage til faglig udvikling i branchen og inspirere b\u00e5de nye og erfarne medlemmer.<\/p>\n<\/div><\/div>\n\n<div class=\"et_pb_text_2 et_pb_text et_pb_bg_layout_light et_pb_module et_block_module preset--module--divi-text--52e3395c-06b4-4952-8385-df6502265a6b\" data-interaction-trigger=\"fa73mwicb5\"><div class=\"et_pb_text_inner\"><p>Hold foredrag<\/p>\n<\/div><\/div>\n<\/div>\n\n<div class=\"et_pb_column_1 et_pb_column et-last-child et_flex_column et_pb_column_empty et_pb_css_mix_blend_mode_passthrough et_flex_column_8_24 et_flex_column_8_24_tablet et_flex_column_24_24_phone\"><\/div>\n<\/div>\n<\/div>\n\n<div class=\"et_pb_section_1 et_pb_section et_section_regular et_block_section et-interaction-target-78ul4houkt preset--module--divi-section--default\" data-interaction-target=\"78ul4houkt\"><div class=\"et_pb_row_1 et_pb_row et_block_row\"><div class=\"et_pb_column_2 et_pb_column et_pb_column_4_4 et-last-child et_block_column et_pb_css_mix_blend_mode_passthrough\"><div class=\"et_pb_text_3 et_pb_text et_pb_bg_layout_light et_pb_module et_block_module preset--module--divi-text--0874a7ef-fda6-4460-964c-06187d4d2262\"><div class=\"et_pb_text_inner\"><h4>Tilmelding<\/h4>\n<\/div><\/div><div class=\"et_pb_text_4 et_pb_text et_pb_bg_layout_light et_pb_module et_block_module preset--module--divi-text--83d94e9b-bff8-4c15-9e33-e7b1a7a21887\"><div class=\"et_pb_text_inner\"><h2>Tilmeld dig via formularen<\/h2>\n<\/div><\/div><\/div><\/div><div class=\"et_pb_row_2 et_pb_row et_flex_row\"><div class=\"et_pb_column_3 et_pb_column et-last-child et_flex_column et_pb_css_mix_blend_mode_passthrough et_flex_column_24_24 et_flex_column_24_24_tablet et_flex_column_24_24_phone\"><div class=\"et_pb_contact_form_0 et_pb_contact_form_container clearfix et_pb_module et_flex_module preset--module--divi-contact-form--default\" data-form_unique_num=\"0\" data-form_unique_id=\"76c0490b-a536-4fb8-94a8-f68d8a60b70a\" id=\"et_pb_contact_form_76c0490b-a536-4fb8-94a8-f68d8a60b70a\"><div class=\"et-pb-contact-message\"><\/div><div class=\"et_pb_contact\"><form class=\"et_pb_contact_form et_flex_module\" method=\"post\" action=\"https:\/\/practical-silver-tortoise.xn--frkwebbureau-6cb.dk\/index.php\/wp-json\/wp\/v2\/pages\/187\"><div class=\"et_pb_contact_field_0 et_pb_contact_field et_pb_module et_flex_module et_flex_column_24_24 et_flex_column_24_24_tablet et_flex_column_24_24_phone\" data-id=\"navn\" data-type=\"input\"><label class=\"et_pb_contact_form_label\" for=\"et_pb_contact_0_navn_0\">Navn<\/label><input type=\"text\" name=\"et_pb_contact_0_navn_0\" id=\"et_pb_contact_0_navn_0\" class=\"input\" data-required_mark=\"required\" data-field_type=\"input\" data-original_id=\"navn\" placeholder=\"Navn\" title=\"\" value=\"\" \/><\/div><div class=\"et_pb_contact_field_1 et_pb_contact_field et_pb_module et_flex_module et_flex_column_24_24 et_flex_column_24_24_tablet et_flex_column_24_24_phone\" data-id=\"e-mail\" data-type=\"email\"><label class=\"et_pb_contact_form_label\" for=\"et_pb_contact_0_e-mail_1\">E-mail<\/label><input type=\"text\" name=\"et_pb_contact_0_e-mail_1\" id=\"et_pb_contact_0_e-mail_1\" class=\"input\" data-required_mark=\"required\" data-field_type=\"email\" data-original_id=\"e-mail\" placeholder=\"E-mail\" title=\"\" value=\"\" \/><\/div><div class=\"et_pb_contact_field_2 et_pb_contact_field et_pb_module et_flex_module et_flex_column_24_24 et_flex_column_24_24_tablet et_flex_column_24_24_phone\" data-id=\"adresse\" data-type=\"email\"><label class=\"et_pb_contact_form_label\" for=\"et_pb_contact_0_adresse_2\">Adresse<\/label><input type=\"text\" name=\"et_pb_contact_0_adresse_2\" id=\"et_pb_contact_0_adresse_2\" class=\"input\" data-required_mark=\"required\" data-field_type=\"email\" data-original_id=\"adresse\" placeholder=\"Adresse\" title=\"\" value=\"\" \/><\/div><div class=\"et_pb_contact_field_3 et_pb_contact_field et_pb_module et_flex_module et_flex_column_24_24 et_flex_column_24_24_tablet et_flex_column_24_24_phone\" data-id=\"v\u00e6lg\" data-type=\"radio\"><label class=\"et_pb_contact_form_label\">V\u00e6lg<\/label><span class=\"et_pb_contact_field_options_wrapper\"><span class=\"et_pb_contact_field_options_title\">V\u00e6lg<\/span><span class=\"et_pb_contact_field_options_list\"><span class=\"et_pb_contact_field_radio\"><input type=\"radio\" name=\"et_pb_contact_0_v\u00e6lg_3\" id=\"et_pb_contact_0_v\u00e6lg_3_0\" class=\"input\" value=\"Bliv medlem\" data-required_mark=\"required\" data-field_type=\"radio\" data-original_id=\"v\u00e6lg\" data-id=\"19b1833d-7809-431f-84e7-3a202c77d092\" \/><label for=\"et_pb_contact_0_v\u00e6lg_3_0\"><i><\/i>Bliv medlem<\/label><\/span><span class=\"et_pb_contact_field_radio\"><input type=\"radio\" name=\"et_pb_contact_0_v\u00e6lg_3\" id=\"et_pb_contact_0_v\u00e6lg_3_1\" class=\"input\" value=\"Bliv foredragsholder\" data-required_mark=\"required\" data-field_type=\"radio\" data-original_id=\"v\u00e6lg\" data-id=\"f72ee847-08c9-4f00-9ba8-af538bf56d01\" \/><label for=\"et_pb_contact_0_v\u00e6lg_3_1\"><i><\/i>Bliv foredragsholder<\/label><\/span><\/span><\/span><\/div><div class=\"et_pb_contact_field_4 et_pb_contact_field et_pb_module et_flex_module et_flex_column_24_24 et_flex_column_24_24_tablet et_flex_column_24_24_phone\" data-id=\"kommentar\" data-type=\"text\" data-conditional-logic=\"[[&quot;v\\u00e6lg&quot;,&quot;is&quot;,&quot;Bliv foredragsholder&quot;]]\" data-conditional-relation=\"any\"><label class=\"et_pb_contact_form_label\" for=\"et_pb_contact_0_kommentar_4\">Skriv hvad du \u00f8nsker at holde foredrag om.<\/label><textarea name=\"et_pb_contact_0_kommentar_4\" id=\"et_pb_contact_0_kommentar_4\" class=\"et_pb_contact_message input\" data-required_mark=\"required\" data-field_type=\"text\" data-original_id=\"kommentar\" placeholder=\"Skriv hvad du \u00f8nsker at holde foredrag om.\"><\/textarea><\/div><div class=\"et_pb_contact_field_5 et_pb_contact_field et_pb_module et_flex_module et_flex_column_24_24 et_flex_column_24_24_tablet et_flex_column_24_24_phone\" data-id=\"samtykke\" data-type=\"checkbox\"><label class=\"et_pb_contact_form_label\">Samtykke<\/label><input type=\"hidden\" name=\"et_pb_contact_0_samtykke_5\" class=\"et_pb_checkbox_handle\" data-required_mark=\"required\" data-field_type=\"checkbox\" data-original_id=\"samtykke\" \/><span class=\"et_pb_contact_field_options_wrapper\"><span class=\"et_pb_contact_field_options_title\">Samtykke<\/span><span class=\"et_pb_contact_field_options_list\"><span class=\"et_pb_contact_field_checkbox\"><input type=\"checkbox\" id=\"et_pb_contact_0_samtykke_5_0\" class=\"input\" value=\"Jeg accepterer, at SFPE Danmark m\u00e5 bruge mine personoplysninger til administration af min tilmelding. L\u00e6s mere om behandlingen af dine personoplysninger her: \" data-required_mark=\"required\" data-field_type=\"checkbox\" data-original_id=\"samtykke\" \/><label for=\"et_pb_contact_0_samtykke_5_0\"><i><\/i>Jeg accepterer, at SFPE Danmark m\u00e5 bruge mine personoplysninger til administration af min tilmelding. L\u00e6s mere om behandlingen af dine personoplysninger her:  <a target=\"_blank\" href=\"https:\/\/sfpe.dk\">Privatlivspolitik<\/a><\/label><\/span><\/span><\/span><\/div><input type=\"hidden\" name=\"et_pb_contactform_submit_76c0490b-a536-4fb8-94a8-f68d8a60b70a\" value=\"et_contact_proccess\" \/><div class=\"et_contact_bottom_container\"><div class=\"et_pb_contact_right et_pb_contact_field\"><p class=\"clearfix\"><span class=\"et_pb_contact_captcha_question\">6 + 9<\/span> = <input type=\"text\" size=\"2\" class=\"input et_pb_contact_captcha\" data-first_digit=\"6\" data-second_digit=\"9\" data-required_mark=\"required\" name=\"et_pb_contact_captcha_76c0490b-a536-4fb8-94a8-f68d8a60b70a\" autocomplete=\"off\" \/><\/p><\/div><div class=\"et_pb_button_wrapper\"><button type=\"submit\" name=\"et_builder_submit_button\" class=\"et_pb_button et_pb_contact_submit\">Tilmeld<\/button><\/div><\/div><input type=\"hidden\" id=\"_wpnonce-et-pb-contact-form-submitted-76c0490b-a536-4fb8-94a8-f68d8a60b70a\" name=\"_wpnonce-et-pb-contact-form-submitted-76c0490b-a536-4fb8-94a8-f68d8a60b70a\" value=\"9bec3e4fb4\" \/><input type=\"hidden\" name=\"_wp_http_referer\" value=\"\/index.php\/wp-json\/wp\/v2\/pages\/187\" \/><\/form><\/div><\/div><\/div><\/div><\/div>\n\n<div class=\"et_pb_section_2 et_pb_section et_section_regular et_block_section preset--module--divi-section--default\">\n<div class=\"et_pb_row_3 et_pb_row et_block_row\">\n<div class=\"et_pb_column_4 et_pb_column et_pb_column_4_4 et-last-child et_block_column et_pb_css_mix_blend_mode_passthrough\">\n<div class=\"et_pb_text_5 et_pb_text et_pb_bg_layout_light et_pb_module et_block_module preset--module--divi-text--0874a7ef-fda6-4460-964c-06187d4d2262\"><div class=\"et_pb_text_inner\"><h4>Om Medlemskabet<\/h4>\n<\/div><\/div>\n\n<div class=\"et_pb_text_6 et_pb_text et_pb_bg_layout_light et_pb_module et_block_module preset--module--divi-text--83d94e9b-bff8-4c15-9e33-e7b1a7a21887\"><div class=\"et_pb_text_inner\"><h2>Del din faglige ekspertise<\/h2>\n<\/div><\/div>\n<\/div>\n<\/div>\n\n<div class=\"et_pb_row_4 et_pb_row et_flex_row\">\n<div class=\"et_pb_column_5 et_pb_column et-last-child et_flex_column et_pb_css_mix_blend_mode_passthrough et_flex_column_24_24 et_flex_column_24_24_tablet et_flex_column_24_24_phone\">\n<div class=\"et_pb_text_7 et_pb_text et_pb_bg_layout_light et_pb_module et_block_module preset--module--divi-text--102bef9d-a6b9-41f0-af77-1ed5b7bd0593\"><div class=\"et_pb_text_inner\"><p>Vi s\u00f8ger engagerede fagpersoner, der \u00f8nsker at holde opl\u00e6g p\u00e5 vores arrangementer, seminarer og medlemsm\u00f8der. Uanset om du arbejder i praksis, forskning eller myndighed, er din viden v\u00e6rdifuld for vores f\u00e6llesskab.<\/p>\n<\/div><\/div>\n<\/div>\n<\/div>\n\n<div class=\"et_pb_row_5 et_pb_row et_block_row\">\n<div class=\"et_pb_column_6 et_pb_column et_pb_column_1_3 et_block_column et_pb_css_mix_blend_mode_passthrough\">\n<div class=\"et_pb_blurb_0 et_pb_blurb et_pb_bg_layout_light et_pb_text_align_center et_pb_blurb_position_top et_pb_module et_block_module preset--module--divi-blurb--f089e242-ebe4-4cb7-a155-fa8ab6b35ac3\"><div class=\"et_pb_blurb_content\"><div class=\"et_pb_blurb_container\"><h4 class=\"et_pb_module_header\">Formidling<\/h4><div class=\"et_pb_blurb_description\"><p>Del dine erfaringer, cases eller forskningsresultater med et publikum, der br\u00e6nder for brandteknik og sikkerhed.<\/p>\n<\/div><\/div><\/div><\/div>\n<\/div>\n\n<div class=\"et_pb_column_7 et_pb_column et_pb_column_1_3 et_block_column et_pb_css_mix_blend_mode_passthrough\">\n<div class=\"et_pb_blurb_1 et_pb_blurb et_pb_bg_layout_light et_pb_text_align_center et_pb_blurb_position_top et_pb_module et_block_module preset--module--divi-blurb--f089e242-ebe4-4cb7-a155-fa8ab6b35ac3\"><div class=\"et_pb_blurb_content\"><div class=\"et_pb_blurb_container\"><h4 class=\"et_pb_module_header\">Netv\u00e6rk<\/h4><div class=\"et_pb_blurb_description\"><p>Som foredragsholder f\u00e5r du adgang til et st\u00e6rkt fagligt milj\u00f8 og mulighed for at m\u00f8de andre eksperter i branchen.<\/p>\n<\/div><\/div><\/div><\/div>\n<\/div>\n\n<div class=\"et_pb_column_8 et_pb_column et_pb_column_1_3 et-last-child et_block_column et_pb_css_mix_blend_mode_passthrough\">\n<div class=\"et_pb_blurb_2 et_pb_blurb et_pb_bg_layout_light et_pb_text_align_center et_pb_blurb_position_top et_pb_module et_block_module preset--module--divi-blurb--f089e242-ebe4-4cb7-a155-fa8ab6b35ac3\"><div class=\"et_pb_blurb_content\"><div class=\"et_pb_blurb_container\"><h4 class=\"et_pb_module_header\">Bidrag<\/h4><div class=\"et_pb_blurb_description\"><p>Dine perspektiver kan v\u00e6re med til at forme fremtidens l\u00f8sninger, standarder og praksis inden for brandteknik.<\/p>\n<\/div><\/div><\/div><\/div>\n<\/div>\n<\/div>\n\n<div class=\"et_pb_row_6 et_pb_row et_flex_row\">\n<div class=\"et_pb_column_9 et_pb_column et-last-child et_flex_column et_pb_css_mix_blend_mode_passthrough et_flex_column_24_24 et_flex_column_24_24_tablet et_flex_column_24_24_phone\">\n<div class=\"et_pb_text_8 et_pb_text et_pb_bg_layout_light et_pb_module et_block_module preset--module--divi-text--52e3395c-06b4-4952-8385-df6502265a6b\" data-interaction-trigger=\"fa73mwicb5\"><div class=\"et_pb_text_inner\"><p>Hold foredrag<\/p>\n<\/div><\/div>\n<\/div>\n<\/div>\n<\/div>\n\n<div class=\"et_pb_section_3 et_pb_section et_section_regular et_flex_section preset--module--divi-section--default\">\n<div class=\"et_pb_row_7 et_pb_row et_flex_row\">\n<div class=\"et_pb_column_10 et_pb_column et_flex_column et_pb_css_mix_blend_mode_passthrough et_flex_column_12_24 et_flex_column_12_24_tablet et_flex_column_24_24_phone\">\n<div class=\"et_pb_text_9 et_pb_text et_pb_bg_layout_light et_pb_module et_block_module preset--module--divi-text--0874a7ef-fda6-4460-964c-06187d4d2262\"><div class=\"et_pb_text_inner\"><h4>Giv din viden videre<\/h4>\n<\/div><\/div>\n\n<div class=\"et_pb_text_10 et_pb_text et_pb_bg_layout_light et_pb_module et_block_module preset--module--divi-text--83d94e9b-bff8-4c15-9e33-e7b1a7a21887\"><div class=\"et_pb_text_inner\"><h2>Hvem kan holde foredrag?<\/h2>\n<\/div><\/div>\n\n<div class=\"et_pb_text_11 et_pb_text et_pb_bg_layout_light et_pb_module et_block_module preset--module--divi-text--102bef9d-a6b9-41f0-af77-1ed5b7bd0593\"><div class=\"et_pb_text_inner\"><p><span>Vi favner bredt - s\u00e5 l\u00e6nge fagligheden er i centrum. Derfor inviterer vi b\u00e5de praktikere, forskere, r\u00e5dgivere, myndighedspersoner og studerende med specialiseret viden til at byde ind. Det vigtigste er, at dit opl\u00e6g skaber v\u00e6rdi for vores medlemmer og underst\u00f8tter SFPE Danmarks form\u00e5l om at styrke brandteknisk viden i Danmark.<\/span><\/p>\n<\/div><\/div>\n\n<div class=\"et_pb_row_8 et_pb_row et_pb_gutters2 et_pb_row_nested et_block_row\">\n<div class=\"et_pb_column_11 et_pb_column et_pb_column_1_2 et-last-child et_block_column et_pb_css_mix_blend_mode_passthrough\">\n<div class=\"et_pb_module et_pb_button_module_wrapper et_pb_button_0_wrapper preset--module--divi-button--6d0d9ca5-a6e6-418e-915e-bb80addcc2b6_wrapper\"><a class=\"et_pb_button_0 et_pb_button et_pb_bg_layout_light et_pb_module et_block_module preset--module--divi-button--6d0d9ca5-a6e6-418e-915e-bb80addcc2b6\" href=\"\" data-interaction-trigger=\"fa73mwicb5\">Bliv foredragsholder<\/a><\/div>\n<\/div>\n<\/div>\n<\/div>\n\n<div class=\"et_pb_column_12 et_pb_column et-last-child et_flex_column et_pb_column_empty et_pb_css_mix_blend_mode_passthrough et_flex_column_12_24 et_flex_column_12_24_tablet et_flex_column_24_24_phone\"><\/div>\n<\/div>\n\n<div class=\"et_pb_row_9 et_pb_row et_flex_row\">\n<div class=\"et_pb_column_13 et_pb_column et_flex_column et_pb_css_mix_blend_mode_passthrough et_flex_column_12_24 et_flex_column_12_24_tablet et_flex_column_24_24_phone\">\n<div class=\"et_pb_divider_0 et_pb_divider et_pb_space et_pb_divider_position_top et_pb_module preset--module--divi-divider--default\"><div class=\"et_pb_divider_internal\"><\/div><\/div>\n<\/div>\n\n<div class=\"et_pb_column_14 et_pb_column et-last-child et_flex_column et_pb_css_mix_blend_mode_passthrough et_flex_column_12_24 et_flex_column_12_24_tablet et_flex_column_24_24_phone\">\n<div class=\"et_pb_divider_1 et_pb_divider et_pb_space et_pb_divider_position_top et_pb_module preset--module--divi-divider--default\"><div class=\"et_pb_divider_internal\"><\/div><\/div>\n<\/div>\n<\/div>\n\n<div class=\"et_pb_row_10 et_pb_row et_flex_row\">\n<div class=\"et_pb_column_15 et_pb_column et_flex_column et_pb_column_empty et_pb_css_mix_blend_mode_passthrough et_flex_column_12_24 et_flex_column_12_24_tablet et_flex_column_24_24_phone\"><\/div>\n\n<div class=\"et_pb_column_16 et_pb_column et-last-child et_flex_column et_pb_css_mix_blend_mode_passthrough et_flex_column_12_24 et_flex_column_12_24_tablet et_flex_column_24_24_phone\">\n<div class=\"et_pb_text_12 et_pb_text et_pb_bg_layout_light et_pb_module et_block_module preset--module--divi-text--0874a7ef-fda6-4460-964c-06187d4d2262\"><div class=\"et_pb_text_inner\"><h4>S\u00e5dan kommer du i gang<\/h4>\n<\/div><\/div>\n\n<div class=\"et_pb_text_13 et_pb_text et_pb_bg_layout_light et_pb_module et_block_module preset--module--divi-text--83d94e9b-bff8-4c15-9e33-e7b1a7a21887\"><div class=\"et_pb_text_inner\"><h2>Send os dit opl\u00e6g<\/h2>\n<\/div><\/div>\n\n<div class=\"et_pb_text_14 et_pb_text et_pb_bg_layout_light et_pb_module et_block_module preset--module--divi-text--102bef9d-a6b9-41f0-af77-1ed5b7bd0593\"><div class=\"et_pb_text_inner\"><p><span>Har du et emne, du gerne vil pr\u00e6sentere? Vi h\u00f8rer meget gerne fra dig. Udfyld formularen og lav en kort beskrivelse af dit opl\u00e6g, herunder hvilke temaer du \u00f8nsker at belyse, hvem opl\u00e6gget henvender sig til, og hvilket fagligt udbytte deltagerne kan forvente. Jo mere pr\u00e6cist du beskriver dit fokus, desto bedre kan vi vurdere, hvor opl\u00e6gget passer ind i vores kommende arrangementer og medlemsaktiviteter.<\/span><span><\/span><\/p>\n<\/div><\/div>\n\n<div class=\"et_pb_row_11 et_pb_row et_pb_gutters2 et_pb_row_nested et_block_row\">\n<div class=\"et_pb_column_17 et_pb_column et_pb_column_1_2 et-last-child et_block_column et_pb_css_mix_blend_mode_passthrough\">\n<div class=\"et_pb_module et_pb_button_module_wrapper et_pb_button_1_wrapper preset--module--divi-button--6d0d9ca5-a6e6-418e-915e-bb80addcc2b6_wrapper\"><a class=\"et_pb_button_1 et_pb_button et_pb_bg_layout_light et_pb_module et_block_module preset--module--divi-button--6d0d9ca5-a6e6-418e-915e-bb80addcc2b6\" href=\"\" data-interaction-trigger=\"fa73mwicb5\">Bliv foredragsholder<\/a><\/div>\n<\/div>\n<\/div>\n<\/div>\n<\/div>\n<\/div>","protected":false},"excerpt":{"rendered":"","protected":false},"author":1,"featured_media":0,"parent":0,"menu_order":0,"comment_status":"closed","ping_status":"closed","template":"","meta":{"_et_pb_use_builder":"on","_et_pb_old_content":"<!-- wp:divi\/placeholder \/-->","_et_gb_content_width":"","footnotes":""},"class_list":["post-187","page","type-page","status-publish","hentry"],"_links":{"self":[{"href":"https:\/\/practical-silver-tortoise.xn--frkwebbureau-6cb.dk\/index.php\/wp-json\/wp\/v2\/pages\/187","targetHints":{"allow":["GET"]}}],"collection":[{"href":"https:\/\/practical-silver-tortoise.xn--frkwebbureau-6cb.dk\/index.php\/wp-json\/wp\/v2\/pages"}],"about":[{"href":"https:\/\/practical-silver-tortoise.xn--frkwebbureau-6cb.dk\/index.php\/wp-json\/wp\/v2\/types\/page"}],"author":[{"embeddable":true,"href":"https:\/\/practical-silver-tortoise.xn--frkwebbureau-6cb.dk\/index.php\/wp-json\/wp\/v2\/users\/1"}],"replies":[{"embeddable":true,"href":"https:\/\/practical-silver-tortoise.xn--frkwebbureau-6cb.dk\/index.php\/wp-json\/wp\/v2\/comments?post=187"}],"version-history":[{"count":13,"href":"https:\/\/practical-silver-tortoise.xn--frkwebbureau-6cb.dk\/index.php\/wp-json\/wp\/v2\/pages\/187\/revisions"}],"predecessor-version":[{"id":559,"href":"https:\/\/practical-silver-tortoise.xn--frkwebbureau-6cb.dk\/index.php\/wp-json\/wp\/v2\/pages\/187\/revisions\/559"}],"wp:attachment":[{"href":"https:\/\/practical-silver-tortoise.xn--frkwebbureau-6cb.dk\/index.php\/wp-json\/wp\/v2\/media?parent=187"}],"curies":[{"name":"wp","href":"https:\/\/api.w.org\/{rel}","templated":true}]}}