{"id":184,"date":"2026-02-11T20:13:52","date_gmt":"2026-02-11T20:13:52","guid":{"rendered":"https:\/\/practical-silver-tortoise.xn--frkwebbureau-6cb.dk\/?page_id=184"},"modified":"2026-03-26T10:04:26","modified_gmt":"2026-03-26T10:04:26","slug":"bliv-medlem","status":"publish","type":"page","link":"https:\/\/practical-silver-tortoise.xn--frkwebbureau-6cb.dk\/index.php\/bliv-medlem\/","title":{"rendered":"Bliv medlem"},"content":{"rendered":"<div class=\"et_pb_section_0 et_pb_section et_section_regular et_block_section preset--module--divi-section--default\">\n<div class=\"et_pb_row_0 et_pb_row et_flex_row\">\n<div class=\"et_pb_column_0 et_pb_column et_flex_column et_pb_css_mix_blend_mode_passthrough et_flex_column_16_24 et_flex_column_16_24_tablet et_flex_column_24_24_phone\">\n<div class=\"et_pb_text_0 et_pb_text et_pb_bg_layout_light et_pb_module et_block_module preset--module--divi-text--83d94e9b-bff8-4c15-9e33-e7b1a7a21887\"><div class=\"et_pb_text_inner\"><h2>Bliv medlem<\/h2>\n<\/div><\/div>\n\n<div class=\"et_pb_text_1 et_pb_text et_pb_bg_layout_light et_pb_module et_block_module preset--module--divi-text--102bef9d-a6b9-41f0-af77-1ed5b7bd0593\"><div class=\"et_pb_text_inner\"><p>Som medlem af SFPE Danmark bliver du en del af et fagligt f\u00e6llesskab for brandtekniske ingeni\u00f8rer og andre professionelle, der arbejder med brandsikkerhed. Her m\u00f8der du kolleger, der deler viden, erfaringer og l\u00f8sninger p\u00e5 de udfordringer, branchen st\u00e5r overfor \u2013 med et f\u00e6lles m\u00e5l om at forbedre brandsikkerheden i Danmark og internationalt.<\/p>\n<\/div><\/div>\n\n<div class=\"et_pb_text_2 et_pb_text et_pb_bg_layout_light et_clickable et_pb_module et_block_module preset--module--divi-text--52e3395c-06b4-4952-8385-df6502265a6b\" data-interaction-trigger=\"fa73mwicb5\"><div class=\"et_pb_text_inner\"><p>Bliv medlem<\/p>\n<\/div><\/div>\n<\/div>\n\n<div class=\"et_pb_column_1 et_pb_column et-last-child et_flex_column et_pb_column_empty et_pb_css_mix_blend_mode_passthrough et_flex_column_8_24 et_flex_column_8_24_tablet et_flex_column_24_24_phone\"><\/div>\n<\/div>\n<\/div>\n\n<div class=\"et_pb_section_1 et_pb_section et_section_regular et_block_section et-interaction-target-78ul4houkt preset--module--divi-section--default\" data-interaction-target=\"78ul4houkt\"><div class=\"et_pb_row_1 et_pb_row et_block_row\"><div class=\"et_pb_column_2 et_pb_column et_pb_column_4_4 et-last-child et_block_column et_pb_css_mix_blend_mode_passthrough\"><div class=\"et_pb_text_3 et_pb_text et_pb_bg_layout_light et_pb_module et_block_module preset--module--divi-text--0874a7ef-fda6-4460-964c-06187d4d2262\"><div class=\"et_pb_text_inner\"><h4>Tilmelding<\/h4>\n<\/div><\/div><div class=\"et_pb_text_4 et_pb_text et_pb_bg_layout_light et_pb_module et_block_module preset--module--divi-text--83d94e9b-bff8-4c15-9e33-e7b1a7a21887\"><div class=\"et_pb_text_inner\"><h2>Tilmeld dig via formularen<\/h2>\n<\/div><\/div><\/div><\/div><div class=\"et_pb_row_2 et_pb_row et_flex_row\"><div class=\"et_pb_column_3 et_pb_column et-last-child et_flex_column et_pb_css_mix_blend_mode_passthrough et_flex_column_24_24 et_flex_column_24_24_tablet et_flex_column_24_24_phone\"><div class=\"et_pb_contact_form_0 et_pb_contact_form_container clearfix et_pb_module et_flex_module preset--module--divi-contact-form--default\" data-form_unique_num=\"0\" data-form_unique_id=\"76c0490b-a536-4fb8-94a8-f68d8a60b70a\" id=\"et_pb_contact_form_76c0490b-a536-4fb8-94a8-f68d8a60b70a\"><div class=\"et-pb-contact-message\"><\/div><div class=\"et_pb_contact\"><form class=\"et_pb_contact_form et_flex_module\" method=\"post\" action=\"https:\/\/practical-silver-tortoise.xn--frkwebbureau-6cb.dk\/index.php\/wp-json\/wp\/v2\/pages\/184\"><div class=\"et_pb_contact_field_0 et_pb_contact_field et_pb_module et_flex_module et_flex_column_24_24 et_flex_column_24_24_tablet et_flex_column_24_24_phone\" data-id=\"navn\" data-type=\"input\"><label class=\"et_pb_contact_form_label\" for=\"et_pb_contact_0_navn_0\">Navn<\/label><input type=\"text\" name=\"et_pb_contact_0_navn_0\" id=\"et_pb_contact_0_navn_0\" class=\"input\" data-required_mark=\"required\" data-field_type=\"input\" data-original_id=\"navn\" placeholder=\"Navn\" title=\"\" value=\"\" \/><\/div><div class=\"et_pb_contact_field_1 et_pb_contact_field et_pb_module et_flex_module et_flex_column_24_24 et_flex_column_24_24_tablet et_flex_column_24_24_phone\" data-id=\"e-mail\" data-type=\"email\"><label class=\"et_pb_contact_form_label\" for=\"et_pb_contact_0_e-mail_1\">E-mail<\/label><input type=\"text\" name=\"et_pb_contact_0_e-mail_1\" id=\"et_pb_contact_0_e-mail_1\" class=\"input\" data-required_mark=\"required\" data-field_type=\"email\" data-original_id=\"e-mail\" placeholder=\"E-mail\" title=\"\" value=\"\" \/><\/div><div class=\"et_pb_contact_field_2 et_pb_contact_field et_pb_module et_flex_module et_flex_column_24_24 et_flex_column_24_24_tablet et_flex_column_24_24_phone\" data-id=\"adresse\" data-type=\"email\"><label class=\"et_pb_contact_form_label\" for=\"et_pb_contact_0_adresse_2\">Adresse<\/label><input type=\"text\" name=\"et_pb_contact_0_adresse_2\" id=\"et_pb_contact_0_adresse_2\" class=\"input\" data-required_mark=\"required\" data-field_type=\"email\" data-original_id=\"adresse\" placeholder=\"Adresse\" title=\"\" value=\"\" \/><\/div><div class=\"et_pb_contact_field_3 et_pb_contact_field et_pb_module et_flex_module et_flex_column_24_24 et_flex_column_24_24_tablet et_flex_column_24_24_phone\" data-id=\"v\u00e6lg\" data-type=\"radio\"><label class=\"et_pb_contact_form_label\">V\u00e6lg<\/label><span class=\"et_pb_contact_field_options_wrapper\"><span class=\"et_pb_contact_field_options_title\">V\u00e6lg<\/span><span class=\"et_pb_contact_field_options_list\"><span class=\"et_pb_contact_field_radio\"><input type=\"radio\" name=\"et_pb_contact_0_v\u00e6lg_3\" id=\"et_pb_contact_0_v\u00e6lg_3_0\" class=\"input\" value=\"Bliv medlem\" data-required_mark=\"required\" data-field_type=\"radio\" data-original_id=\"v\u00e6lg\" data-id=\"19b1833d-7809-431f-84e7-3a202c77d092\" \/><label for=\"et_pb_contact_0_v\u00e6lg_3_0\"><i><\/i>Bliv medlem<\/label><\/span><span class=\"et_pb_contact_field_radio\"><input type=\"radio\" name=\"et_pb_contact_0_v\u00e6lg_3\" id=\"et_pb_contact_0_v\u00e6lg_3_1\" class=\"input\" value=\"Bliv foredragsholder\" data-required_mark=\"required\" data-field_type=\"radio\" data-original_id=\"v\u00e6lg\" data-id=\"f72ee847-08c9-4f00-9ba8-af538bf56d01\" \/><label for=\"et_pb_contact_0_v\u00e6lg_3_1\"><i><\/i>Bliv foredragsholder<\/label><\/span><\/span><\/span><\/div><div class=\"et_pb_contact_field_4 et_pb_contact_field et_pb_module et_flex_module et_flex_column_24_24 et_flex_column_24_24_tablet et_flex_column_24_24_phone\" data-id=\"kommentar\" data-type=\"text\" data-conditional-logic=\"[[&quot;v\\u00e6lg&quot;,&quot;is&quot;,&quot;Bliv foredragsholder&quot;]]\" data-conditional-relation=\"any\"><label class=\"et_pb_contact_form_label\" for=\"et_pb_contact_0_kommentar_4\">Skriv hvad du \u00f8nsker at holde foredrag om.<\/label><textarea name=\"et_pb_contact_0_kommentar_4\" id=\"et_pb_contact_0_kommentar_4\" class=\"et_pb_contact_message input\" data-required_mark=\"required\" data-field_type=\"text\" data-original_id=\"kommentar\" placeholder=\"Skriv hvad du \u00f8nsker at holde foredrag om.\"><\/textarea><\/div><div class=\"et_pb_contact_field_5 et_pb_contact_field et_pb_module et_flex_module et_flex_column_24_24 et_flex_column_24_24_tablet et_flex_column_24_24_phone\" data-id=\"samtykke\" data-type=\"checkbox\"><label class=\"et_pb_contact_form_label\">Samtykke<\/label><input type=\"hidden\" name=\"et_pb_contact_0_samtykke_5\" class=\"et_pb_checkbox_handle\" data-required_mark=\"required\" data-field_type=\"checkbox\" data-original_id=\"samtykke\" \/><span class=\"et_pb_contact_field_options_wrapper\"><span class=\"et_pb_contact_field_options_title\">Samtykke<\/span><span class=\"et_pb_contact_field_options_list\"><span class=\"et_pb_contact_field_checkbox\"><input type=\"checkbox\" id=\"et_pb_contact_0_samtykke_5_0\" class=\"input\" value=\"Jeg accepterer, at SFPE Danmark m\u00e5 bruge mine personoplysninger til administration af min tilmelding. L\u00e6s mere om behandlingen af dine personoplysninger her: \" data-required_mark=\"required\" data-field_type=\"checkbox\" data-original_id=\"samtykke\" \/><label for=\"et_pb_contact_0_samtykke_5_0\"><i><\/i>Jeg accepterer, at SFPE Danmark m\u00e5 bruge mine personoplysninger til administration af min tilmelding. L\u00e6s mere om behandlingen af dine personoplysninger her:  <a target=\"_blank\" href=\"https:\/\/sfpe.dk\">Privatlivspolitik<\/a><\/label><\/span><\/span><\/span><\/div><input type=\"hidden\" name=\"et_pb_contactform_submit_76c0490b-a536-4fb8-94a8-f68d8a60b70a\" value=\"et_contact_proccess\" \/><div class=\"et_contact_bottom_container\"><div class=\"et_pb_contact_right et_pb_contact_field\"><p class=\"clearfix\"><span class=\"et_pb_contact_captcha_question\">1 + 1<\/span> = <input type=\"text\" size=\"2\" class=\"input et_pb_contact_captcha\" data-first_digit=\"1\" data-second_digit=\"1\" data-required_mark=\"required\" name=\"et_pb_contact_captcha_76c0490b-a536-4fb8-94a8-f68d8a60b70a\" autocomplete=\"off\" \/><\/p><\/div><div class=\"et_pb_button_wrapper\"><button type=\"submit\" name=\"et_builder_submit_button\" class=\"et_pb_button et_pb_contact_submit\">Tilmeld<\/button><\/div><\/div><input type=\"hidden\" id=\"_wpnonce-et-pb-contact-form-submitted-76c0490b-a536-4fb8-94a8-f68d8a60b70a\" name=\"_wpnonce-et-pb-contact-form-submitted-76c0490b-a536-4fb8-94a8-f68d8a60b70a\" value=\"9bec3e4fb4\" \/><input type=\"hidden\" name=\"_wp_http_referer\" value=\"\/index.php\/wp-json\/wp\/v2\/pages\/184\" \/><\/form><\/div><\/div><\/div><\/div><\/div>\n\n<div class=\"et_pb_section_2 et_pb_section et_section_regular et_block_section preset--module--divi-section--default\">\n<div class=\"et_pb_row_3 et_pb_row et_block_row\">\n<div class=\"et_pb_column_4 et_pb_column et_pb_column_4_4 et-last-child et_block_column et_pb_css_mix_blend_mode_passthrough\">\n<div class=\"et_pb_text_5 et_pb_text et_pb_bg_layout_light et_pb_module et_block_module preset--module--divi-text--0874a7ef-fda6-4460-964c-06187d4d2262\"><div class=\"et_pb_text_inner\"><h4>Om Medlemskabet<\/h4>\n<\/div><\/div>\n\n<div class=\"et_pb_text_6 et_pb_text et_pb_bg_layout_light et_pb_module et_block_module preset--module--divi-text--83d94e9b-bff8-4c15-9e33-e7b1a7a21887\"><div class=\"et_pb_text_inner\"><h2>Det f\u00e5r du hos SFPE Danmark<\/h2>\n<\/div><\/div>\n<\/div>\n<\/div>\n\n<div class=\"et_pb_row_4 et_pb_row et_flex_row\">\n<div class=\"et_pb_column_5 et_pb_column et-last-child et_flex_column et_pb_css_mix_blend_mode_passthrough et_flex_column_24_24 et_flex_column_24_24_tablet et_flex_column_24_24_phone\">\n<div class=\"et_pb_text_7 et_pb_text et_pb_bg_layout_light et_pb_module et_block_module preset--module--divi-text--102bef9d-a6b9-41f0-af77-1ed5b7bd0593\"><div class=\"et_pb_text_inner\"><p>Bliv medlem i dag og f\u00e5 du adgang til opdaterede tekniske ressourcer, et fagligt bibliotek af online publikationer og branchef\u00f8rende arrangementer med relevante foredragsholdere m\u00e5lrettet brandbeskyttelses\u2011 og brandsikkerhedsingeni\u00f8rer. Vi afholder flere \u00e5rlige arrangementer, der b\u00e5de styrker din faglige udvikling og dine professionelle relationer.<\/p>\n<\/div><\/div>\n<\/div>\n<\/div>\n\n<div class=\"et_pb_row_5 et_pb_row et_block_row\">\n<div class=\"et_pb_column_6 et_pb_column et_pb_column_1_3 et_block_column et_pb_css_mix_blend_mode_passthrough\">\n<div class=\"et_pb_blurb_0 et_pb_blurb et_pb_bg_layout_light et_pb_text_align_center et_pb_blurb_position_top et_pb_module et_block_module preset--module--divi-blurb--f089e242-ebe4-4cb7-a155-fa8ab6b35ac3\"><div class=\"et_pb_blurb_content\"><div class=\"et_pb_blurb_container\"><h4 class=\"et_pb_module_header\">Resourcer<\/h4><div class=\"et_pb_blurb_description\"><p>Adgang til tekniske ressourcer, online publikationer og nyeste viden om brandsikkerhed.<\/p>\n<\/div><\/div><\/div><\/div>\n<\/div>\n\n<div class=\"et_pb_column_7 et_pb_column et_pb_column_1_3 et_block_column et_pb_css_mix_blend_mode_passthrough\">\n<div class=\"et_pb_blurb_1 et_pb_blurb et_pb_bg_layout_light et_pb_text_align_center et_pb_blurb_position_top et_pb_module et_block_module preset--module--divi-blurb--f089e242-ebe4-4cb7-a155-fa8ab6b35ac3\"><div class=\"et_pb_blurb_content\"><div class=\"et_pb_blurb_container\"><h4 class=\"et_pb_module_header\">Netv\u00e6rk<\/h4><div class=\"et_pb_blurb_description\"><p>Mulighed for at opbygge relationer og samarbejde med eksperter i Danmark og internationalt.<\/p>\n<\/div><\/div><\/div><\/div>\n<\/div>\n\n<div class=\"et_pb_column_8 et_pb_column et_pb_column_1_3 et-last-child et_block_column et_pb_css_mix_blend_mode_passthrough\">\n<div class=\"et_pb_blurb_2 et_pb_blurb et_pb_bg_layout_light et_pb_text_align_center et_pb_blurb_position_top et_pb_module et_block_module preset--module--divi-blurb--f089e242-ebe4-4cb7-a155-fa8ab6b35ac3\"><div class=\"et_pb_blurb_content\"><div class=\"et_pb_blurb_container\"><h4 class=\"et_pb_module_header\">Udvikling<\/h4><div class=\"et_pb_blurb_description\"><p>Deltagelse i m\u00e5lrettede arrangementer og events, der styrker din praksis og karriere.<\/p>\n<\/div><\/div><\/div><\/div>\n<\/div>\n<\/div>\n\n<div class=\"et_pb_row_6 et_pb_row et_flex_row\">\n<div class=\"et_pb_column_9 et_pb_column et-last-child et_flex_column et_pb_css_mix_blend_mode_passthrough et_flex_column_24_24 et_flex_column_24_24_tablet et_flex_column_24_24_phone\">\n<div class=\"et_pb_text_8 et_pb_text et_pb_bg_layout_light et_clickable et_pb_module et_block_module preset--module--divi-text--52e3395c-06b4-4952-8385-df6502265a6b\" data-interaction-trigger=\"uo870se4h5\"><div class=\"et_pb_text_inner\"><p>Bliv medlem<\/p>\n<\/div><\/div>\n<\/div>\n<\/div>\n<\/div>\n\n<div class=\"et_pb_section_3 et_pb_section et_section_regular et_flex_section preset--module--divi-section--default\">\n<div class=\"et_pb_row_7 et_pb_row et_flex_row\">\n<div class=\"et_pb_column_10 et_pb_column et_flex_column et_pb_css_mix_blend_mode_passthrough et_flex_column_12_24 et_flex_column_12_24_tablet et_flex_column_24_24_phone\">\n<div class=\"et_pb_text_9 et_pb_text et_pb_bg_layout_light et_pb_module et_block_module preset--module--divi-text--0874a7ef-fda6-4460-964c-06187d4d2262\"><div class=\"et_pb_text_inner\"><h4>Vores medlemmer<\/h4>\n<\/div><\/div>\n\n<div class=\"et_pb_text_10 et_pb_text et_pb_bg_layout_light et_pb_module et_block_module preset--module--divi-text--83d94e9b-bff8-4c15-9e33-e7b1a7a21887\"><div class=\"et_pb_text_inner\"><h2>Hvem kan blive medlem?<\/h2>\n<\/div><\/div>\n\n<div class=\"et_pb_text_11 et_pb_text et_pb_bg_layout_light et_pb_module et_block_module preset--module--divi-text--102bef9d-a6b9-41f0-af77-1ed5b7bd0593\"><div class=\"et_pb_text_inner\"><p>Medlemskabet henvender sig til alle, der arbejder professionelt med brandsikkerhed \u2013 uanset om du er brandteknisk ingeni\u00f8r, r\u00e5dgiver, myndighedsperson, forsker eller studerende med interesse for omr\u00e5det. SFPE Danmark er et fagligt samlingspunkt for b\u00e5de erfarne specialister og nye talenter, der \u00f8nsker at styrke deres viden, f\u00f8lge udviklingen i branchen og indg\u00e5 i et engageret netv\u00e6rk.<\/p>\n<p>Her er plads til dig, der vil bidrage til og l\u00e6re af et f\u00e6llesskab, der arbejder for h\u00f8jere brandsikkerhed i Danmark og internationalt.<\/p>\n<\/div><\/div>\n\n<div class=\"et_pb_row_8 et_pb_row et_pb_gutters2 et_pb_row_nested et_block_row\">\n<div class=\"et_pb_column_11 et_pb_column et_pb_column_1_2 et-last-child et_block_column et_pb_css_mix_blend_mode_passthrough\">\n<div class=\"et_pb_module et_pb_button_module_wrapper et_pb_button_0_wrapper preset--module--divi-button--6d0d9ca5-a6e6-418e-915e-bb80addcc2b6_wrapper\"><a class=\"et_pb_button_0 et_pb_button et_pb_bg_layout_light et_pb_module et_block_module preset--module--divi-button--6d0d9ca5-a6e6-418e-915e-bb80addcc2b6\" href=\"\" data-interaction-trigger=\"fa73mwicb5\">Bliv medlem<\/a><\/div>\n<\/div>\n<\/div>\n<\/div>\n\n<div class=\"et_pb_column_12 et_pb_column et-last-child et_flex_column et_pb_column_empty et_pb_css_mix_blend_mode_passthrough et_flex_column_12_24 et_flex_column_12_24_tablet et_flex_column_24_24_phone\"><\/div>\n<\/div>\n\n<div class=\"et_pb_row_9 et_pb_row et_flex_row\">\n<div class=\"et_pb_column_13 et_pb_column et_flex_column et_pb_css_mix_blend_mode_passthrough et_flex_column_12_24 et_flex_column_12_24_tablet et_flex_column_24_24_phone\">\n<div class=\"et_pb_divider_0 et_pb_divider et_pb_space et_pb_divider_position_top et_pb_module preset--module--divi-divider--default\"><div class=\"et_pb_divider_internal\"><\/div><\/div>\n<\/div>\n\n<div class=\"et_pb_column_14 et_pb_column et-last-child et_flex_column et_pb_css_mix_blend_mode_passthrough et_flex_column_12_24 et_flex_column_12_24_tablet et_flex_column_24_24_phone\">\n<div class=\"et_pb_divider_1 et_pb_divider et_pb_space et_pb_divider_position_top et_pb_module preset--module--divi-divider--default\"><div class=\"et_pb_divider_internal\"><\/div><\/div>\n<\/div>\n<\/div>\n\n<div class=\"et_pb_row_10 et_pb_row et_flex_row\">\n<div class=\"et_pb_column_15 et_pb_column et_flex_column et_pb_column_empty et_pb_css_mix_blend_mode_passthrough et_flex_column_12_24 et_flex_column_12_24_tablet et_flex_column_24_24_phone\"><\/div>\n\n<div class=\"et_pb_column_16 et_pb_column et-last-child et_flex_column et_pb_css_mix_blend_mode_passthrough et_flex_column_12_24 et_flex_column_12_24_tablet et_flex_column_24_24_phone\">\n<div class=\"et_pb_text_12 et_pb_text et_pb_bg_layout_light et_pb_module et_block_module preset--module--divi-text--0874a7ef-fda6-4460-964c-06187d4d2262\"><div class=\"et_pb_text_inner\"><h4>Kontingent<\/h4>\n<\/div><\/div>\n\n<div class=\"et_pb_text_13 et_pb_text et_pb_bg_layout_light et_pb_module et_block_module preset--module--divi-text--83d94e9b-bff8-4c15-9e33-e7b1a7a21887\"><div class=\"et_pb_text_inner\"><h2>Det koster det at v\u00e6re medlem<\/h2>\n<\/div><\/div>\n\n<div class=\"et_pb_text_14 et_pb_text et_pb_bg_layout_light et_pb_module et_block_module preset--module--divi-text--102bef9d-a6b9-41f0-af77-1ed5b7bd0593\"><div class=\"et_pb_text_inner\"><p>Et medlemskab af SFPE Danmark koster 300 kr. om \u00e5ret og giver fuld adgang til vores faglige netv\u00e6rk, arrangementer og ressourcer. Studerende, der er indskrevet p\u00e5 en SU\u2011berettiget uddannelse, kan blive medlem helt gratis. Medlemskabet er uafh\u00e6ngigt af SFPE Worldwide og administreres alene af SFPE Danmark.<\/p>\n<\/div><\/div>\n\n<div class=\"et_pb_row_11 et_pb_row et_pb_gutters2 et_pb_row_nested et_block_row\">\n<div class=\"et_pb_column_17 et_pb_column et_pb_column_1_2 et-last-child et_block_column et_pb_css_mix_blend_mode_passthrough\">\n<div class=\"et_pb_module et_pb_button_module_wrapper et_pb_button_1_wrapper preset--module--divi-button--6d0d9ca5-a6e6-418e-915e-bb80addcc2b6_wrapper\"><a class=\"et_pb_button_1 et_pb_button et_pb_bg_layout_light et_pb_module et_block_module preset--module--divi-button--6d0d9ca5-a6e6-418e-915e-bb80addcc2b6\" href=\"\" data-interaction-trigger=\"fa73mwicb5\">Bliv medlem<\/a><\/div>\n<\/div>\n<\/div>\n<\/div>\n<\/div>\n<\/div>","protected":false},"excerpt":{"rendered":"","protected":false},"author":1,"featured_media":0,"parent":0,"menu_order":0,"comment_status":"closed","ping_status":"closed","template":"","meta":{"_et_pb_use_builder":"on","_et_pb_old_content":"<!-- wp:divi\/placeholder \/-->","_et_gb_content_width":"","footnotes":""},"class_list":["post-184","page","type-page","status-publish","hentry"],"_links":{"self":[{"href":"https:\/\/practical-silver-tortoise.xn--frkwebbureau-6cb.dk\/index.php\/wp-json\/wp\/v2\/pages\/184","targetHints":{"allow":["GET"]}}],"collection":[{"href":"https:\/\/practical-silver-tortoise.xn--frkwebbureau-6cb.dk\/index.php\/wp-json\/wp\/v2\/pages"}],"about":[{"href":"https:\/\/practical-silver-tortoise.xn--frkwebbureau-6cb.dk\/index.php\/wp-json\/wp\/v2\/types\/page"}],"author":[{"embeddable":true,"href":"https:\/\/practical-silver-tortoise.xn--frkwebbureau-6cb.dk\/index.php\/wp-json\/wp\/v2\/users\/1"}],"replies":[{"embeddable":true,"href":"https:\/\/practical-silver-tortoise.xn--frkwebbureau-6cb.dk\/index.php\/wp-json\/wp\/v2\/comments?post=184"}],"version-history":[{"count":47,"href":"https:\/\/practical-silver-tortoise.xn--frkwebbureau-6cb.dk\/index.php\/wp-json\/wp\/v2\/pages\/184\/revisions"}],"predecessor-version":[{"id":644,"href":"https:\/\/practical-silver-tortoise.xn--frkwebbureau-6cb.dk\/index.php\/wp-json\/wp\/v2\/pages\/184\/revisions\/644"}],"wp:attachment":[{"href":"https:\/\/practical-silver-tortoise.xn--frkwebbureau-6cb.dk\/index.php\/wp-json\/wp\/v2\/media?parent=184"}],"curies":[{"name":"wp","href":"https:\/\/api.w.org\/{rel}","templated":true}]}}